{"id":16249471,"date":"2023-03-13T15:04:54","date_gmt":"2023-03-13T13:04:54","guid":{"rendered":"https:\/\/insights.mtd.info\/blog-para-negocios-e-analise-de-dados\/"},"modified":"2024-02-08T15:22:52","modified_gmt":"2024-02-08T13:22:52","slug":"blog","status":"publish","type":"page","link":"https:\/\/insights.mtd.info\/pt-pt\/blog\/","title":{"rendered":"Blog para Neg\u00f3cios e An\u00e1lise de Dados"},"content":{"rendered":"<p>[et_pb_section fb_built=&#8221;1&#8243; make_equal=&#8221;on&#8221; use_custom_gutter=&#8221;on&#8221; gutter_width=&#8221;2&#8243; specialty=&#8221;on&#8221; next_background_color=&#8221;#ffffff&#8221; padding_top_1=&#8221;0px&#8221; padding_top_2=&#8221;0px&#8221; padding_bottom_1=&#8221;0px&#8221; padding_bottom_2=&#8221;0px&#8221; padding_top_bottom_link_1=&#8221;true&#8221; padding_top_bottom_link_2=&#8221;true&#8221; padding_left_right_link_1=&#8221;false&#8221; padding_left_right_link_2=&#8221;false&#8221; admin_label=&#8221;section 1&#8243; _builder_version=&#8221;4.18.0&#8243; _module_preset=&#8221;default&#8221; use_background_color_gradient=&#8221;on&#8221; background_color_gradient_direction=&#8221;86deg&#8221; background_color_gradient_stops=&#8221;#222222 20%|#7900d8 100%&#8221; background_color_gradient_start=&#8221;#222222&#8243; background_color_gradient_start_position=&#8221;20%&#8221; background_color_gradient_end=&#8221;#7900d8&#8243; background_image=&#8221;https:\/\/insights.mtd.info\/wp-content\/uploads\/2022\/03\/morethandigital-insights-background.webp&#8221; inner_width=&#8221;90%&#8221; inner_width_tablet=&#8221;90%&#8221; inner_width_phone=&#8221;90%&#8221; inner_width_last_edited=&#8221;on|desktop&#8221; inner_max_width=&#8221;1100px&#8221; inner_max_width_tablet=&#8221;90%&#8221; inner_max_width_phone=&#8221;90%&#8221; inner_max_width_last_edited=&#8221;on|phone&#8221; min_height=&#8221;400.6px&#8221; custom_padding=&#8221;90px||6px||false|false&#8221; bottom_divider_style=&#8221;wave&#8221; bottom_divider_flip=&#8221;vertical&#8221; animation_direction=&#8221;top&#8221; global_colors_info=&#8221;{}&#8221;][et_pb_column type=&#8221;1_2&#8243; specialty_columns=&#8221;2&#8243; _builder_version=&#8221;4.16&#8243; custom_padding=&#8221;|||&#8221; global_colors_info=&#8221;{}&#8221; custom_padding__hover=&#8221;|||&#8221;][et_pb_row_inner _builder_version=&#8221;4.16&#8243; _module_preset=&#8221;default&#8221; custom_padding=&#8221;23px||0px|||&#8221; global_colors_info=&#8221;{}&#8221;][et_pb_column_inner saved_specialty_column_type=&#8221;1_2&#8243; _builder_version=&#8221;4.16&#8243; _module_preset=&#8221;default&#8221; global_colors_info=&#8221;{}&#8221;][et_pb_text _builder_version=&#8221;4.17.1&#8243; _module_preset=&#8221;default&#8221; global_colors_info=&#8221;{}&#8221;]<\/p>\n<h1>Wissen und Insights<\/h1>\n<p>[\/et_pb_text][\/et_pb_column_inner][\/et_pb_row_inner][\/et_pb_column][et_pb_column type=&#8221;1_2&#8243; _builder_version=&#8221;4.16&#8243; custom_padding=&#8221;|||&#8221; global_colors_info=&#8221;{}&#8221; custom_padding__hover=&#8221;|||&#8221;][et_pb_signup provider=&#8221;hubspot&#8221; hubspot_list=&#8221;Benjamin Talin|6&#8243; success_message=&#8221;Vielen Dank f\u00fcr Ihre Anmeldung!&#8221; title=&#8221;Unseren Newsletter abonnieren&#8221; button_text=&#8221;Junte-se ao Newsletter&#8221; _builder_version=&#8221;4.20.0&#8243; background_color=&#8221;#7900D8&#8243; custom_margin=&#8221;-91px|||||&#8221; locked=&#8221;off&#8221; global_colors_info=&#8221;{}&#8221;][\/et_pb_signup][\/et_pb_column][\/et_pb_section][et_pb_section fb_built=&#8221;1&#8243; _builder_version=&#8221;4.16&#8243; _module_preset=&#8221;default&#8221; custom_padding=&#8221;||44px|||&#8221; global_colors_info=&#8221;{}&#8221;][et_pb_row _builder_version=&#8221;4.16&#8243; _module_preset=&#8221;default&#8221; global_colors_info=&#8221;{}&#8221;][et_pb_column type=&#8221;4_4&#8243; _builder_version=&#8221;4.16&#8243; _module_preset=&#8221;default&#8221; global_colors_info=&#8221;{}&#8221;][et_pb_text _builder_version=&#8221;4.17.1&#8243; _module_preset=&#8221;default&#8221; text_orientation=&#8221;center&#8221; custom_margin=&#8221;||50px|||&#8221; animation_style=&#8221;fade&#8221; global_colors_info=&#8221;{}&#8221;]<\/p>\n<h2>Suche nach, <span style=\"color: #7900d8;\">n\u00fctzlichem Wissen.<\/span><\/h2>\n<p>[\/et_pb_text][dipl_ajax_search search_in=&#8221;on|on|off&#8221; scrollbar=&#8221;hide&#8221; search_icon_font_size=&#8221;24px&#8221; search_icon_color=&#8221;#888888&#8243; loader_color=&#8221;#7900D8&#8243; _builder_version=&#8221;4.19.0&#8243; _module_preset=&#8221;default&#8221; form_field_text_color=&#8221;#666666&#8243; form_field_custom_padding=&#8221;24px|24px|24px|24px|true|true&#8221; search_result_item_title_font_size=&#8221;14px&#8221; search_result_item_excerpt_text_color=&#8221;#888888&#8243; search_result_item_excerpt_font_size=&#8221;10px&#8221; max_width=&#8221;750px&#8221; module_alignment=&#8221;center&#8221; custom_margin=&#8221;||||false|false&#8221; custom_padding=&#8221;||||false|false&#8221; border_radii_form_field=&#8221;on|20px|20px|20px|20px&#8221; border_color_all_form_field=&#8221;#7900D8&#8243; global_colors_info=&#8221;{}&#8221;][\/dipl_ajax_search][\/et_pb_column][\/et_pb_row][\/et_pb_section][et_pb_section fb_built=&#8221;1&#8243; admin_label=&#8221;Blog&#8221; _builder_version=&#8221;4.18.0&#8243; global_colors_info=&#8221;{}&#8221;][et_pb_row _builder_version=&#8221;4.19.0&#8243; background_color=&#8221;#000000&#8243; max_width=&#8221;1600px&#8221; module_alignment=&#8221;center&#8221; custom_padding=&#8221;||1px|||&#8221; global_colors_info=&#8221;{}&#8221;][et_pb_column type=&#8221;4_4&#8243; _builder_version=&#8221;4.16&#8243; custom_padding=&#8221;|||&#8221; global_colors_info=&#8221;{}&#8221; custom_padding__hover=&#8221;|||&#8221;][et_pb_text _builder_version=&#8221;4.19.0&#8243; _module_preset=&#8221;default&#8221; text_orientation=&#8221;center&#8221; custom_margin=&#8221;||18px|||&#8221; animation_style=&#8221;fade&#8221; global_colors_info=&#8221;{}&#8221;]<\/p>\n<h2><span style=\"color: #ffffff;\"><span style=\"color: #7900d8;\">Neueste <\/span>Artikel<\/span><\/h2>\n<p>[\/et_pb_text][et_pb_divider divider_weight=&#8221;3px&#8221; _builder_version=&#8221;4.19.0&#8243; _module_preset=&#8221;default&#8221; width=&#8221;60px&#8221; module_alignment=&#8221;center&#8221; custom_margin=&#8221;0px||0px||false|false&#8221; custom_padding=&#8221;0px||0px||false|false&#8221; global_colors_info=&#8221;{}&#8221;][\/et_pb_divider][et_pb_post_slider more_text=&#8221;Lesen&#8221; use_manual_excerpt=&#8221;off&#8221; show_meta=&#8221;off&#8221; image_placement=&#8221;left&#8221; _builder_version=&#8221;4.19.1&#8243; header_font=&#8221;||||||||&#8221; header_font_size=&#8221;32px&#8221; header_line_height=&#8221;1.4em&#8221; body_font=&#8221;||||||||&#8221; body_text_color=&#8221;#888888&#8243; body_font_size=&#8221;15px&#8221; body_line_height=&#8221;1.4em&#8221; background_color=&#8221;#000000&#8243; custom_button=&#8221;on&#8221; button_text_size=&#8221;14px&#8221; button_text_color=&#8221;#FFFFFF&#8221; button_bg_color=&#8221;RGBA(255,255,255,0)&#8221; button_border_color=&#8221;#7900D8&#8243; button_border_radius=&#8221;100px&#8221; button_letter_spacing=&#8221;2px&#8221; button_font=&#8221;|700||on|||||&#8221; button_use_icon=&#8221;off&#8221; button_custom_padding=&#8221;10px|40px|10px|40px|true|true&#8221; custom_margin=&#8221;-23px|||||&#8221; custom_padding=&#8221;55px||137px|||&#8221; header_font_size_tablet=&#8221;32px&#8221; header_font_size_phone=&#8221;26px&#8221; header_font_size_last_edited=&#8221;on|phone&#8221; body_font_size_tablet=&#8221;&#8221; body_font_size_phone=&#8221;14px&#8221; body_font_size_last_edited=&#8221;on|phone&#8221; box_shadow_style=&#8221;preset1&#8243; box_shadow_vertical=&#8221;24px&#8221; box_shadow_blur=&#8221;100px&#8221; box_shadow_spread=&#8221;-30px&#8221; box_shadow_color=&#8221;rgba(0,0,0,0.24)&#8221; box_shadow_style_button=&#8221;preset1&#8243; global_colors_info=&#8221;{}&#8221; button_text_color__hover_enabled=&#8221;on|desktop&#8221; button_border_color__hover_enabled=&#8221;on|desktop&#8221; button_border_color__hover=&#8221;#7900D8&#8243; button_text_color__hover=&#8221;#FFFFFF&#8221;][\/et_pb_post_slider][\/et_pb_column][\/et_pb_row][et_pb_row make_equal=&#8221;on&#8221; _builder_version=&#8221;4.19.0&#8243; custom_padding=&#8221;55px|||||&#8221; global_colors_info=&#8221;{}&#8221;][et_pb_column type=&#8221;4_4&#8243; _builder_version=&#8221;4.18.0&#8243; custom_padding=&#8221;|||&#8221; global_colors_info=&#8221;{}&#8221; custom_padding__hover=&#8221;|||&#8221;][et_pb_blog fullwidth=&#8221;off&#8221; posts_number=&#8221;9&#8243; show_date=&#8221;off&#8221; show_categories=&#8221;off&#8221; offset_number=&#8221;1&#8243; _builder_version=&#8221;4.19.0&#8243; header_font=&#8221;||||||||&#8221; header_font_size=&#8221;20px&#8221; header_line_height=&#8221;1.4em&#8221; body_font=&#8221;||||||||&#8221; body_line_height=&#8221;1.8em&#8221; meta_font=&#8221;|||on|||||&#8221; meta_text_color=&#8221;#bababa&#8221; meta_font_size=&#8221;12px&#8221; meta_letter_spacing=&#8221;1px&#8221; meta_line_height=&#8221;1.6em&#8221; read_more_font=&#8221;||||||||&#8221; pagination_font=&#8221;||||||||&#8221; pagination_text_color=&#8221;#7900D8&#8243; pagination_font_size=&#8221;16px&#8221; pagination_line_height=&#8221;1.8em&#8221; header_font_size_tablet=&#8221;&#8221; header_font_size_phone=&#8221;18px&#8221; header_font_size_last_edited=&#8221;on|phone&#8221; body_font_size_tablet=&#8221;&#8221; body_font_size_phone=&#8221;14px&#8221; body_font_size_last_edited=&#8221;on|desktop&#8221; border_width_all=&#8221;0px&#8221; box_shadow_style=&#8221;preset1&#8243; box_shadow_vertical=&#8221;24px&#8221; box_shadow_blur=&#8221;100px&#8221; box_shadow_spread=&#8221;-30px&#8221; box_shadow_color=&#8221;rgba(0,0,0,0.24)&#8221; locked=&#8221;off&#8221; global_colors_info=&#8221;{}&#8221;][\/et_pb_blog][\/et_pb_column][\/et_pb_row][\/et_pb_section]<\/p>\n","protected":false},"excerpt":{"rendered":"<p>Perspectivas para neg\u00f3cios e an\u00e1lises orientadas por dados. Este blog oferece conhecimentos e insights para profissionais de neg\u00f3cios que queiram tomar melhores decis\u00f5es com base em dados.<\/p>\n","protected":false},"author":1,"featured_media":0,"parent":0,"menu_order":0,"comment_status":"closed","ping_status":"closed","template":"","meta":{"_et_pb_use_builder":"on","_et_pb_old_content":"","_et_gb_content_width":"","footnotes":""},"class_list":["post-16249471","page","type-page","status-publish","hentry"],"_links":{"self":[{"href":"https:\/\/insights.mtd.info\/pt-pt\/wp-json\/wp\/v2\/pages\/16249471","targetHints":{"allow":["GET"]}}],"collection":[{"href":"https:\/\/insights.mtd.info\/pt-pt\/wp-json\/wp\/v2\/pages"}],"about":[{"href":"https:\/\/insights.mtd.info\/pt-pt\/wp-json\/wp\/v2\/types\/page"}],"author":[{"embeddable":true,"href":"https:\/\/insights.mtd.info\/pt-pt\/wp-json\/wp\/v2\/users\/1"}],"replies":[{"embeddable":true,"href":"https:\/\/insights.mtd.info\/pt-pt\/wp-json\/wp\/v2\/comments?post=16249471"}],"version-history":[{"count":5,"href":"https:\/\/insights.mtd.info\/pt-pt\/wp-json\/wp\/v2\/pages\/16249471\/revisions"}],"predecessor-version":[{"id":16250490,"href":"https:\/\/insights.mtd.info\/pt-pt\/wp-json\/wp\/v2\/pages\/16249471\/revisions\/16250490"}],"wp:attachment":[{"href":"https:\/\/insights.mtd.info\/pt-pt\/wp-json\/wp\/v2\/media?parent=16249471"}],"curies":[{"name":"wp","href":"https:\/\/api.w.org\/{rel}","templated":true}]}}