{"id":16250794,"date":"2025-03-02T16:17:53","date_gmt":"2025-03-02T14:17:53","guid":{"rendered":"https:\/\/insights.mtd.info\/l\/"},"modified":"2025-03-02T16:19:32","modified_gmt":"2025-03-02T14:19:32","slug":"l","status":"publish","type":"page","link":"https:\/\/insights.mtd.info\/de\/l\/","title":{"rendered":"Insights f\u00fcr alle"},"content":{"rendered":"<p>[et_pb_section fb_built=&#8220;1&#8243; _builder_version=&#8220;4.22.2&#8243; _module_preset=&#8220;default&#8220; background_color=&#8220;#000000&#8243; use_background_color_gradient=&#8220;on&#8220; background_color_gradient_stops=&#8220;#000000 1%|rgba(0,0,0,0.73) 100%&#8220; background_color_gradient_overlays_image=&#8220;on&#8220; background_image=&#8220;https:\/\/insights.mtd.info\/wp-content\/uploads\/2021\/12\/MTD-Background-Right.png&#8220; min_height=&#8220;100vh&#8220; height=&#8220;100vh&#8220; global_colors_info=&#8220;{}&#8220;][et_pb_row _builder_version=&#8220;4.22.2&#8243; _module_preset=&#8220;default&#8220; custom_padding=&#8220;||0px|||&#8220; global_colors_info=&#8220;{}&#8220;][et_pb_column type=&#8220;4_4&#8243; _builder_version=&#8220;4.22.2&#8243; _module_preset=&#8220;default&#8220; global_colors_info=&#8220;{}&#8220;][et_pb_image src=&#8220;https:\/\/insights.mtd.info\/wp-content\/uploads\/2023\/09\/mtd-logos-rgb_main-logo-insights-size-3-neg.png&#8220; alt=&#8220;MoreThanDigital Insights Logo Size3&#8243; title_text=&#8220;MoreThanDigital Insights Logo Size3&#8243; url=&#8220;@ET-DC@eyJkeW5hbWljIjp0cnVlLCJjb250ZW50IjoiaG9tZV91cmwiLCJzZXR0aW5ncyI6W119@&#8220; align=&#8220;center&#8220; _builder_version=&#8220;4.22.2&#8243; _dynamic_attributes=&#8220;url&#8220; _module_preset=&#8220;default&#8220; max_width=&#8220;500px&#8220; global_colors_info=&#8220;{}&#8220;][\/et_pb_image][\/et_pb_column][\/et_pb_row][et_pb_row _builder_version=&#8220;4.22.2&#8243; _module_preset=&#8220;default&#8220; custom_margin=&#8220;||||false|false&#8220; custom_padding=&#8220;0px|||||&#8220; global_colors_info=&#8220;{}&#8220;][et_pb_column type=&#8220;4_4&#8243; _builder_version=&#8220;4.22.2&#8243; _module_preset=&#8220;default&#8220; global_colors_info=&#8220;{}&#8220;]<\/p>\n<p>[dipl_text_animator prefix_text=&#8220;for&#8220; animated_text=&#8220;Manager | CEOs | Berater | Wirtschaftspr\u00fcfer | Wirtschaftsf\u00f6rderung | Strategische Berater | Unternehmer | Unternehmensverb\u00e4nde | Familienunternehmen | Investoren | NPOs \/ NGOs | Private Equity&#8220; animation_layout=&#8220;typing&#8220; in_stack=&#8220;on&#8220; _builder_version=&#8220;4.22.2&#8243; _module_preset=&#8220;default&#8220; global_text_settings_text_align=&#8220;center&#8220; global_text_settings_line_height=&#8220;3.3em&#8220; pre_and_post_text_text_color=&#8220;#FFFFFF&#8220; main_text_font_size=&#8220;50px&#8220; hover_enabled=&#8220;0&#8243; global_colors_info=&#8220;{}&#8220; sticky_enabled=&#8220;0&#8243;][\/dipl_text_animator]<\/p>\n<p>[\/et_pb_column][\/et_pb_row][\/et_pb_section]<\/p>\n","protected":false},"excerpt":{"rendered":"<div class=\"et_pb_module dipl_text_animator dipl_text_animator_0\">\n\t\t\t\t\n\t\t\t\t\n\t\t\t\t\n\t\t\t\t\n\t\t\t\t\n\t\t\t\t\n\t\t\t\t<div class=\"et_pb_module_inner\">\n\t\t\t\t\t<div class=\"animated_text_wrapper dipl-typing\">\n\t\t\t\t<h2>\n\t\t\t\t<span class=\"pre_text_wrapper dipl_pre_post\">for<\/span>\n\t\t\t\t<span\n\t\t\t\t\t\t\t\t     class=\"animated_text dipl_main_part\" \n\t\t\t\t\t\t\t\t     data-wait-time=\"2000\"\n\t\t\t\t\t\t\t\t     data-typing-time=\"100\"\n\t\t\t\t\t\t\t\t     data-erasing-time=\"100\"\n\t\t\t\t\t\t\t\t     data-text=\"Manager | CEOs | Berater | Wirtschaftspr\u00fcfer | Wirtschaftsf\u00f6rderung | Strategische Berater | Unternehmer | Unternehmensverb\u00e4nde | Familienunternehmen | Investoren | NPOs \/ NGOs | Private Equity\"\n\t\t\t\t\t\t\t\t     data-interval-id=\"0\"\n\t\t\t\t\t\t\t\t     data-stop-animation-on-hover=\"off\"\n\t\t\t\t\t\t\t\t     ><\/span>\n\t\t\t\t\n\t\t\t\t<\/h2>\n\t\t\t<\/div>\n\t\t\t\t<\/div>\n\t\t\t<\/div>\n","protected":false},"author":3,"featured_media":0,"parent":0,"menu_order":0,"comment_status":"closed","ping_status":"closed","template":"","meta":{"_et_pb_use_builder":"on","_et_pb_old_content":"","_et_gb_content_width":"","footnotes":""},"class_list":["post-16250794","page","type-page","status-publish","hentry"],"_links":{"self":[{"href":"https:\/\/insights.mtd.info\/de\/wp-json\/wp\/v2\/pages\/16250794","targetHints":{"allow":["GET"]}}],"collection":[{"href":"https:\/\/insights.mtd.info\/de\/wp-json\/wp\/v2\/pages"}],"about":[{"href":"https:\/\/insights.mtd.info\/de\/wp-json\/wp\/v2\/types\/page"}],"author":[{"embeddable":true,"href":"https:\/\/insights.mtd.info\/de\/wp-json\/wp\/v2\/users\/3"}],"replies":[{"embeddable":true,"href":"https:\/\/insights.mtd.info\/de\/wp-json\/wp\/v2\/comments?post=16250794"}],"version-history":[{"count":5,"href":"https:\/\/insights.mtd.info\/de\/wp-json\/wp\/v2\/pages\/16250794\/revisions"}],"predecessor-version":[{"id":16250801,"href":"https:\/\/insights.mtd.info\/de\/wp-json\/wp\/v2\/pages\/16250794\/revisions\/16250801"}],"wp:attachment":[{"href":"https:\/\/insights.mtd.info\/de\/wp-json\/wp\/v2\/media?parent=16250794"}],"curies":[{"name":"wp","href":"https:\/\/api.w.org\/{rel}","templated":true}]}}