{"id":16250274,"date":"2023-09-24T15:07:03","date_gmt":"2023-09-24T13:07:03","guid":{"rendered":"https:\/\/insights.mtd.info\/verpflichtung-zu-datensicherheit-und-datenschutz\/"},"modified":"2023-09-24T15:07:04","modified_gmt":"2023-09-24T13:07:04","slug":"verpflichtung-zu-datensicherheit-und-datenschutz","status":"publish","type":"page","link":"https:\/\/insights.mtd.info\/de\/verpflichtung-zu-datensicherheit-und-datenschutz\/","title":{"rendered":"Verpflichtung zu Datensicherheit und Datenschutz"},"content":{"rendered":"<p>[et_pb_section fb_built=&#8220;1&#8243; make_equal=&#8220;on&#8220; use_custom_gutter=&#8220;on&#8220; gutter_width=&#8220;2&#8243; specialty=&#8220;on&#8220; next_background_color=&#8220;#ffffff&#8220; padding_top_1=&#8220;0px&#8220; padding_top_2=&#8220;0px&#8220; padding_bottom_1=&#8220;0px&#8220; padding_bottom_2=&#8220;0px&#8220; padding_top_bottom_link_1=&#8220;true&#8220; padding_top_bottom_link_2=&#8220;true&#8220; padding_left_right_link_1=&#8220;false&#8220; padding_left_right_link_2=&#8220;false&#8220; admin_label=&#8220;section 1&#8243; _builder_version=&#8220;4.18.0&#8243; _module_preset=&#8220;default&#8220; use_background_color_gradient=&#8220;on&#8220; background_color_gradient_direction=&#8220;86deg&#8220; background_color_gradient_stops=&#8220;#222222 20%|#7900d8 100%&#8220; background_color_gradient_start=&#8220;#222222&#8243; background_color_gradient_start_position=&#8220;20%&#8220; background_color_gradient_end=&#8220;#7900d8&#8243; background_image=&#8220;https:\/\/insights.mtd.info\/wp-content\/uploads\/2022\/03\/morethandigital-insights-background.webp&#8220; inner_width=&#8220;90%&#8220; inner_width_tablet=&#8220;90%&#8220; inner_width_phone=&#8220;90%&#8220; inner_width_last_edited=&#8220;on|desktop&#8220; inner_max_width=&#8220;1100px&#8220; inner_max_width_tablet=&#8220;90%&#8220; inner_max_width_phone=&#8220;90%&#8220; inner_max_width_last_edited=&#8220;on|phone&#8220; min_height=&#8220;450px&#8220; custom_padding=&#8220;90px||6px||false|false&#8220; bottom_divider_style=&#8220;wave&#8220; bottom_divider_flip=&#8220;vertical&#8220; animation_direction=&#8220;top&#8220; global_colors_info=&#8220;{}&#8220;][et_pb_column type=&#8220;1_2&#8243; specialty_columns=&#8220;2&#8243; _builder_version=&#8220;4.16&#8243; custom_padding=&#8220;|||&#8220; global_colors_info=&#8220;{}&#8220; custom_padding__hover=&#8220;|||&#8220;][et_pb_row_inner _builder_version=&#8220;4.16&#8243; _module_preset=&#8220;default&#8220; custom_padding=&#8220;23px||0px|||&#8220; global_colors_info=&#8220;{}&#8220;][et_pb_column_inner saved_specialty_column_type=&#8220;1_2&#8243; _builder_version=&#8220;4.16&#8243; _module_preset=&#8220;default&#8220; global_colors_info=&#8220;{}&#8220;][et_pb_text _builder_version=&#8220;4.18.0&#8243; _module_preset=&#8220;default&#8220; header_font_size=&#8220;43px&#8220; global_colors_info=&#8220;{}&#8220;]<\/p>\n<h1><span style=\"color: #ffffff;\">Deine Daten. <br \/>\n<\/span><span style=\"color: #7900d8;\">Deine Kontrolle.<\/span><\/h1>\n<p>[\/et_pb_text][et_pb_text _builder_version=&#8220;4.20.0&#8243; _module_preset=&#8220;default&#8220; text_font=&#8220;||||||||&#8220; text_text_color=&#8220;#F0F0F0&#8243; text_font_size=&#8220;18px&#8220; text_line_height=&#8220;1.8em&#8220; custom_margin=&#8220;||27px|||&#8220; custom_margin_tablet=&#8220;-10px||||false|false&#8220; custom_margin_phone=&#8220;-10px||||false|false&#8220; custom_margin_last_edited=&#8220;on|phone&#8220; custom_padding=&#8220;|||2px||&#8220; global_colors_info=&#8220;{}&#8220;]<\/p>\n<p>Unser Engagement f\u00fcr dich und deine Daten.<\/p>\n<p>[\/et_pb_text][\/et_pb_column_inner][\/et_pb_row_inner][\/et_pb_column][et_pb_column type=&#8220;1_2&#8243; _builder_version=&#8220;4.16&#8243; custom_padding=&#8220;|||&#8220; global_colors_info=&#8220;{}&#8220; custom_padding__hover=&#8220;|||&#8220;][\/et_pb_column][\/et_pb_section][et_pb_section fb_built=&#8220;1&#8243; _builder_version=&#8220;4.16&#8243; _module_preset=&#8220;default&#8220; global_colors_info=&#8220;{}&#8220;][et_pb_row _builder_version=&#8220;4.16&#8243; _module_preset=&#8220;default&#8220; global_colors_info=&#8220;{}&#8220;][et_pb_column type=&#8220;4_4&#8243; _builder_version=&#8220;4.16&#8243; _module_preset=&#8220;default&#8220; global_colors_info=&#8220;{}&#8220;][et_pb_text _builder_version=&#8220;4.17.1&#8243; _module_preset=&#8220;default&#8220; global_colors_info=&#8220;{}&#8220;]<\/p>\n<h2>Unser <span style=\"color: #7900d8;\">Commitment<\/span><\/h2>\n<p>[\/et_pb_text][et_pb_text _builder_version=&#8220;4.17.6&#8243; _module_preset=&#8220;default&#8220; global_colors_info=&#8220;{}&#8220;]<\/p>\n<p>In einer Zeit, in der Daten ein m\u00e4chtiges Gut sind, erkennt MoreThanDigital Insights seine Verantwortung an, mit deinen Daten mit gr\u00f6\u00dfter Sorgfalt und Respekt umzugehen. Wir wissen, dass Datensicherheit mehr als eine technische Frage ist &#8211; sie ist eine Frage des Vertrauens. Wir wissen um die Herausforderungen, die der Umgang mit sensiblen Daten mit sich bringt, und wir haben strenge Ma\u00dfnahmen zum Schutz deiner Daten getroffen.<\/p>\n<p>[\/et_pb_text][et_pb_blurb title=&#8220;Entkopplung und Anonymisierung von Daten f\u00fcr mehr Sicherheit&#8220; use_icon=&#8220;on&#8220; font_icon=&#8220;&#xf5fd;||fa||900&#8243; icon_color=&#8220;#7900D8&#8243; icon_placement=&#8220;left&#8220; image_icon_width=&#8220;60px&#8220; content_max_width=&#8220;100%&#8220; _builder_version=&#8220;4.20.0&#8243; _module_preset=&#8220;default&#8220; header_level=&#8220;h2&#8243; header_text_color=&#8220;#000000&#8243; image_icon_custom_margin=&#8220;|10px|||false|false&#8220; custom_padding=&#8220;20px||20px||false|false&#8220; global_colors_info=&#8220;{}&#8220;]<\/p>\n<p>Unsere Sicherheitsarchitektur umfasst eine mehrstufige Strategie, um die gr\u00f6\u00dftm\u00f6gliche Sicherheit deiner Daten zu gew\u00e4hrleisten. Um die Sicherheit und den Schutz deiner Daten zu verbessern, haben wir eine Datenentkopplung eingef\u00fchrt, die pers\u00f6nliche Informationen von Unternehmen und Unternehmen von den Benchmarking-Daten trennt. Wir sind sogar noch einen Schritt weiter gegangen und haben alle gespeicherten Benchmarking-Daten anonymisiert, so dass es unm\u00f6glich ist, sie zur\u00fcckzuverfolgen oder den urspr\u00fcnglichen Wert zu berechnen.<\/p>\n<p>[\/et_pb_blurb][et_pb_blurb title=&#8220;Deine Daten. Deine Kontrolle.&#8220; use_icon=&#8220;on&#8220; font_icon=&#8220;&#xf502;||fa||900&#8243; icon_color=&#8220;#7900D8&#8243; icon_placement=&#8220;left&#8220; image_icon_width=&#8220;60px&#8220; content_max_width=&#8220;100%&#8220; _builder_version=&#8220;4.20.0&#8243; _module_preset=&#8220;default&#8220; header_level=&#8220;h2&#8243; header_text_color=&#8220;#000000&#8243; image_icon_custom_margin=&#8220;|10px|||false|false&#8220; custom_padding=&#8220;20px||20px||false|false&#8220; global_colors_info=&#8220;{}&#8220;]<\/p>\n<p>Wir versichern dir, dass deine Daten dir geh\u00f6ren und nur dir. Wir geben deine pers\u00f6nlichen Daten niemals an Dritte weiter. Au\u00dferdem kann niemand au\u00dfer dir und den von dir autorisierten Personen auf deine Daten zugreifen. Wir verwenden robuste Mechanismen, mit denen du kontrollieren kannst, wer auf deine Daten zugreifen kann.<\/p>\n<p>[\/et_pb_blurb][et_pb_blurb title=&#8220;Fortschrittliche Sicherheitssysteme f\u00fcr zuverl\u00e4ssigen Schutz&#8220; use_icon=&#8220;on&#8220; font_icon=&#8220;&#xf3ed;||fa||900&#8243; icon_color=&#8220;#7900D8&#8243; icon_placement=&#8220;left&#8220; image_icon_width=&#8220;60px&#8220; content_max_width=&#8220;100%&#8220; _builder_version=&#8220;4.20.0&#8243; _module_preset=&#8220;default&#8220; header_level=&#8220;h2&#8243; header_text_color=&#8220;#000000&#8243; image_icon_custom_margin=&#8220;|10px|||false|false&#8220; custom_padding=&#8220;20px||20px||false|false&#8220; global_colors_info=&#8220;{}&#8220;]<\/p>\n<p>Sicherheit ist ein fester Bestandteil von MoreThanDigital Insights. Von unserer Verpflichtung zu h\u00f6chsten Datensicherheitsstandards bis hin zu unseren modernsten Sicherheitstechnologien sorgen wir daf\u00fcr, dass deine Daten immer gesch\u00fctzt sind. Wir setzen modernste Verschl\u00fcsselungstechniken, robuste Firewalls und eine kontinuierliche Netzwerk\u00fcberwachung ein, um deine Daten vor Cyber-Bedrohungen zu sch\u00fctzen.<\/p>\n<p>[\/et_pb_blurb][et_pb_blurb title=&#8220;Wahrung von Neutralit\u00e4t und Unabh\u00e4ngigkeit&#8220; use_icon=&#8220;on&#8220; font_icon=&#8220;&#xf4be;||fa||900&#8243; icon_color=&#8220;#7900D8&#8243; icon_placement=&#8220;left&#8220; image_icon_width=&#8220;60px&#8220; content_max_width=&#8220;100%&#8220; _builder_version=&#8220;4.20.0&#8243; _module_preset=&#8220;default&#8220; header_level=&#8220;h2&#8243; header_text_color=&#8220;#000000&#8243; image_icon_custom_margin=&#8220;|10px|||false|false&#8220; custom_padding=&#8220;20px||20px||false|false&#8220; global_colors_info=&#8220;{}&#8220;]<\/p>\n<p>Als unabh\u00e4ngige und neutrale Organisation ist es unsere Priorit\u00e4t, unvoreingenommene Insights und Empfehlungen zu geben, frei von versteckten Interessen. Dies garantiert die Integrit\u00e4t unserer Dienstleistungen und stellt sicher, dass die Empfehlungen, die du erh\u00e4ltst, ausschlie\u00dflich auf Datenanalysen basieren und nicht von anderen Faktoren beeinflusst werden.<\/p>\n<p>[\/et_pb_blurb][\/et_pb_column][\/et_pb_row][et_pb_row _builder_version=&#8220;4.16&#8243; _module_preset=&#8220;default&#8220; global_colors_info=&#8220;{}&#8220;][et_pb_column type=&#8220;4_4&#8243; _builder_version=&#8220;4.16&#8243; _module_preset=&#8220;default&#8220; global_colors_info=&#8220;{}&#8220;][et_pb_text _builder_version=&#8220;4.17.1&#8243; _module_preset=&#8220;default&#8220; global_colors_info=&#8220;{}&#8220;]<\/p>\n<h2>Die Zukunft der <span style=\"color: #7900d8;\">sicheren datengest\u00fctzte Entscheidungsfindung<\/span><\/h2>\n<p>[\/et_pb_text][et_pb_text _builder_version=&#8220;4.17.6&#8243; _module_preset=&#8220;default&#8220; global_colors_info=&#8220;{}&#8220;]<\/p>\n<p>Mit MoreThanDigital Insights machen wir datengesteuertes strategisches Management f\u00fcr alle zug\u00e4nglich und gew\u00e4hrleisten gleichzeitig strenge Datensicherheit. Die Sicherheit deiner Daten hat f\u00fcr uns oberste Priorit\u00e4t und wir verpflichten uns, dieses Vertrauen bei jeder Interaktion aufrechtzuerhalten.<\/p>\n<p>Wenn du uns deine Daten anvertraust, kannst du dich darauf konzentrieren, die Erkenntnisse aus unserer erstklassigen Business-Analytics-Plattform f\u00fcr eine bessere Entscheidungsfindung zu nutzen, und \u00fcberl\u00e4sst die Sorgen um die Datensicherheit uns. Wir werden uns auch weiterhin f\u00fcr den Schutz deiner Daten einsetzen, damit du dich darauf konzentrieren kannst, dein Unternehmen zu neuen H\u00f6hen zu f\u00fchren.<\/p>\n<p>[\/et_pb_text][\/et_pb_column][\/et_pb_row][\/et_pb_section][et_pb_section fb_built=&#8220;1&#8243; _builder_version=&#8220;4.18.0&#8243; _module_preset=&#8220;default&#8220; background_color=&#8220;#7900D8&#8243; global_module=&#8220;234329&#8243; saved_tabs=&#8220;all&#8220; global_colors_info=&#8220;{}&#8220;][et_pb_row column_structure=&#8220;2_3,1_3&#8243; _builder_version=&#8220;4.16&#8243; _module_preset=&#8220;default&#8220; global_colors_info=&#8220;{}&#8220;][et_pb_column type=&#8220;2_3&#8243; _builder_version=&#8220;4.16&#8243; _module_preset=&#8220;default&#8220; global_colors_info=&#8220;{}&#8220;][et_pb_text _builder_version=&#8220;4.17.1&#8243; _module_preset=&#8220;default&#8220; module_alignment=&#8220;left&#8220; custom_margin=&#8220;11px||15px|||&#8220; global_colors_info=&#8220;{}&#8220;]<\/p>\n<h2><span style=\"color: #ffffff;\">2,000,000 F\u00fchrungskr\u00e4fte<br \/>\nk\u00f6nnen nicht irren.<br \/>\n<\/span><\/h2>\n<p>[\/et_pb_text][et_pb_text _builder_version=&#8220;4.18.0&#8243; _module_preset=&#8220;default&#8220; text_text_color=&#8220;#FFFFFF&#8220; custom_margin=&#8220;25px|||||&#8220; global_colors_info=&#8220;{}&#8220;]<\/p>\n<p>MoreThanDigital wird von Millionen von F\u00fchrungskr\u00e4ften weltweit vertraut.<br \/>\nLies unsere Geschichte und unser #bethechange-Engagement, um zu erfahren, warum.<\/p>\n<p>[\/et_pb_text][\/et_pb_column][et_pb_column type=&#8220;1_3&#8243; _builder_version=&#8220;4.16&#8243; _module_preset=&#8220;default&#8220; global_colors_info=&#8220;{}&#8220;][et_pb_button button_url=&#8220;@ET-DC@eyJkeW5hbWljIjp0cnVlLCJjb250ZW50IjoicG9zdF9saW5rX3VybF9wYWdlIiwic2V0dGluZ3MiOnsicG9zdF9pZCI6IjIzNDI2NyJ9fQ==@&#8220; button_text=&#8220;Unsere Story&#8220; _builder_version=&#8220;4.18.1&#8243; _dynamic_attributes=&#8220;button_url&#8220; _module_preset=&#8220;eafe4e7f-75d2-4d9f-8fef-78e70a6a3a37&#8243; global_colors_info=&#8220;{}&#8220;][\/et_pb_button][et_pb_button button_url=&#8220;@ET-DC@eyJkeW5hbWljIjp0cnVlLCJjb250ZW50IjoicG9zdF9saW5rX3VybF9wYWdlIiwic2V0dGluZ3MiOnsicG9zdF9pZCI6IjIzNDIzNSJ9fQ==@&#8220; button_text=&#8220;#bethechange&#8220; _builder_version=&#8220;4.18.1&#8243; _dynamic_attributes=&#8220;button_url&#8220; _module_preset=&#8220;5430192c-4129-4b6f-8925-80905c7214d5&#8243; global_colors_info=&#8220;{}&#8220;][\/et_pb_button][\/et_pb_column][\/et_pb_row][\/et_pb_section][et_pb_section fb_built=&#8220;1&#8243; _builder_version=&#8220;4.16&#8243; _module_preset=&#8220;default&#8220; min_height=&#8220;519px&#8220; custom_margin=&#8220;||-20px|||&#8220; custom_padding=&#8220;14px||0px|||&#8220; global_colors_info=&#8220;{}&#8220;][et_pb_row column_structure=&#8220;2_5,3_5&#8243; _builder_version=&#8220;4.18.0&#8243; _module_preset=&#8220;default&#8220; custom_padding=&#8220;||0px|||&#8220; global_colors_info=&#8220;{}&#8220;][et_pb_column type=&#8220;2_5&#8243; _builder_version=&#8220;4.16&#8243; _module_preset=&#8220;default&#8220; global_colors_info=&#8220;{}&#8220;][et_pb_image src=&#8220;https:\/\/insights.mtd.info\/wp-content\/uploads\/2022\/11\/Benjamin-Talin-Founder-MoreThanDigital-2-761&#215;1024.png&#8220; alt=&#8220;Benjamin Talin &#8211; Gr\u00fcnder MoreThanDigital&#8220; title_text=&#8220;Benjamin Talin &#8211; Gr\u00fcnder MoreThanDigital&#8220; align=&#8220;center&#8220; _builder_version=&#8220;4.21.0&#8243; _module_preset=&#8220;default&#8220; max_height=&#8220;500px&#8220; filter_saturate=&#8220;0%&#8220; filter_brightness=&#8220;129%&#8220; mix_blend_mode=&#8220;multiply&#8220; global_colors_info=&#8220;{}&#8220;][\/et_pb_image][\/et_pb_column][et_pb_column type=&#8220;3_5&#8243; _builder_version=&#8220;4.16&#8243; _module_preset=&#8220;default&#8220; global_colors_info=&#8220;{}&#8220;][et_pb_icon font_icon=&#8220;&#xf10e;||fa||900&#8243; icon_width=&#8220;60px&#8220; align=&#8220;right&#8220; _builder_version=&#8220;4.17.6&#8243; _module_preset=&#8220;default&#8220; custom_padding=&#8220;22px|||||&#8220; global_colors_info=&#8220;{}&#8220;][\/et_pb_icon][et_pb_text _builder_version=&#8220;4.17.6&#8243; _module_preset=&#8220;default&#8220; custom_margin=&#8220;0px||||false|false&#8220; custom_padding=&#8220;4px|0px|11px|25px|false|false&#8220; border_color_all=&#8220;#F0F0F0&#8243; global_colors_info=&#8220;{}&#8220;]<\/p>\n<p>&#8222;Nach vielen Jahren in der Branche habe ich aus erster Hand erfahren, wie wichtig die Datensicherheit in unserer zunehmend digitalen Welt ist.<\/p>\n<p><strong>Dieses tiefe Verst\u00e4nnis hat mich dazu gebracht, MoreThanDigital Insights auf der Grundlage von Neutralit\u00e4t und Unabh\u00e4ngigkeit zu gr\u00fcnden.<\/strong><\/p>\n<p>Unser einziges Ziel ist es, unvergleichliche Einblicke zu liefern, die Unternehmen zum Erfolg verhelfen, und nicht, versteckte Interessen zu f\u00f6rdern. Wir setzen uns daf\u00fcr ein, dass deine Daten sicher bleiben, denn wir wissen, dass dein Vertrauen in uns genauso wertvoll ist wie die Daten, die wir sch\u00fctzen.<span style=\"font-size: 16px;\">&#8222;<\/span><\/p>\n<p><em>Benjamin Talin. Founder.<\/em><\/p>\n<h4><strong>MoreThanDigital<\/strong><\/h4>\n<p>[\/et_pb_text][\/et_pb_column][\/et_pb_row][\/et_pb_section][et_pb_section fb_built=&#8220;1&#8243; prev_background_color=&#8220;#ffffff&#8220; _builder_version=&#8220;4.21.0&#8243; _module_preset=&#8220;default&#8220; background_color=&#8220;#7900D8&#8243; background_color_gradient_direction=&#8220;86deg&#8220; background_color_gradient_start=&#8220;#222222&#8243; background_color_gradient_end=&#8220;#7900d8&#8243; background_image=&#8220;https:\/\/insights.mtd.info\/wp-content\/uploads\/2022\/03\/MTD-Background-Left-scaled.webp&#8220; parallax=&#8220;on&#8220; min_height=&#8220;527.4px&#8220; custom_margin=&#8220;-25px|||||&#8220; top_divider_style=&#8220;wave&#8220; top_divider_height=&#8220;88px&#8220; global_module=&#8220;234105&#8243; global_colors_info=&#8220;{}&#8220;][et_pb_row use_custom_gutter=&#8220;on&#8220; gutter_width=&#8220;2&#8243; make_equal=&#8220;on&#8220; _builder_version=&#8220;4.17.6&#8243; _module_preset=&#8220;default&#8220; width=&#8220;90%&#8220; width_tablet=&#8220;90%&#8220; width_phone=&#8220;90%&#8220; width_last_edited=&#8220;on|tablet&#8220; max_width=&#8220;1100px&#8220; max_width_tablet=&#8220;90%&#8220; max_width_phone=&#8220;90%&#8220; max_width_last_edited=&#8220;on|desktop&#8220; custom_padding=&#8220;150px||80px||false|false&#8220; global_colors_info=&#8220;{}&#8220;][et_pb_column type=&#8220;4_4&#8243; _builder_version=&#8220;4.16&#8243; _module_preset=&#8220;default&#8220; global_colors_info=&#8220;{}&#8220;][et_pb_text _builder_version=&#8220;4.21.0&#8243; _module_preset=&#8220;default&#8220; header_2_text_color=&#8220;#FFFFFF&#8220; text_orientation=&#8220;center&#8220; animation_style=&#8220;fade&#8220; global_colors_info=&#8220;{}&#8220;]<\/p>\n<h2>Jetzt starten.<br \/>\nEs ist kostenlos. Einfach. Schnell.<\/h2>\n<p>[\/et_pb_text][et_pb_text _builder_version=&#8220;4.17.6&#8243; _module_preset=&#8220;default&#8220; text_font=&#8220;||||||||&#8220; text_text_color=&#8220;#FFFFFF&#8220; text_font_size=&#8220;18px&#8220; text_line_height=&#8220;1.8em&#8220; text_orientation=&#8220;center&#8220; max_width=&#8220;593px&#8220; module_alignment=&#8220;center&#8220; custom_margin=&#8220;-5px||||false|false&#8220; custom_margin_tablet=&#8220;-15px||||false|false&#8220; custom_margin_phone=&#8220;-15px||||false|false&#8220; custom_margin_last_edited=&#8220;on|phone&#8220; global_colors_info=&#8220;{}&#8220;]<\/p>\n<p>MoreThanDigital Insights gibt dir einen 360\u00b0-Blick auf dein Unternehmen und hilft dir, bessere, datengest\u00fctzte Entscheidungen zu treffen. Erhalte die Einblicke, die du brauchst, um dein Unternehmen zu vergr\u00f6\u00dfern.<\/p>\n<p>[\/et_pb_text][et_pb_button button_url=&#8220;@ET-DC@eyJkeW5hbWljIjp0cnVlLCJjb250ZW50IjoicG9zdF9saW5rX3VybF9wYWdlIiwic2V0dGluZ3MiOnsicG9zdF9pZCI6IjIzNDI4MSJ9fQ==@&#8220; button_text=&#8220;In Warteliste eintragen&#8220; _builder_version=&#8220;4.21.0&#8243; _dynamic_attributes=&#8220;button_url&#8220; _module_preset=&#8220;8e8cec50-442a-4449-8bc3-0cab825938f0&#8243; animation_style=&#8220;none&#8220; global_colors_info=&#8220;{}&#8220;][\/et_pb_button][\/et_pb_column][\/et_pb_row][\/et_pb_section]<\/p>\n","protected":false},"excerpt":{"rendered":"<p>Deine Daten. Deine Kontrolle.Unser Engagement f\u00fcr dich und deine Daten.Unser CommitmentIn einer Zeit, in der Daten ein m\u00e4chtiges Gut sind, erkennt MoreThanDigital Insights seine Verantwortung an, mit deinen Daten mit gr\u00f6\u00dfter Sorgfalt und Respekt umzugehen. Wir wissen, dass Datensicherheit mehr als eine technische Frage ist &#8211; sie ist eine Frage des Vertrauens. Wir wissen um [&hellip;]<\/p>\n","protected":false},"author":3,"featured_media":0,"parent":0,"menu_order":0,"comment_status":"closed","ping_status":"closed","template":"","meta":{"_et_pb_use_builder":"on","_et_pb_old_content":"","_et_gb_content_width":"","footnotes":""},"class_list":["post-16250274","page","type-page","status-publish","hentry"],"_links":{"self":[{"href":"https:\/\/insights.mtd.info\/de\/wp-json\/wp\/v2\/pages\/16250274","targetHints":{"allow":["GET"]}}],"collection":[{"href":"https:\/\/insights.mtd.info\/de\/wp-json\/wp\/v2\/pages"}],"about":[{"href":"https:\/\/insights.mtd.info\/de\/wp-json\/wp\/v2\/types\/page"}],"author":[{"embeddable":true,"href":"https:\/\/insights.mtd.info\/de\/wp-json\/wp\/v2\/users\/3"}],"replies":[{"embeddable":true,"href":"https:\/\/insights.mtd.info\/de\/wp-json\/wp\/v2\/comments?post=16250274"}],"version-history":[{"count":2,"href":"https:\/\/insights.mtd.info\/de\/wp-json\/wp\/v2\/pages\/16250274\/revisions"}],"predecessor-version":[{"id":16250276,"href":"https:\/\/insights.mtd.info\/de\/wp-json\/wp\/v2\/pages\/16250274\/revisions\/16250276"}],"wp:attachment":[{"href":"https:\/\/insights.mtd.info\/de\/wp-json\/wp\/v2\/media?parent=16250274"}],"curies":[{"name":"wp","href":"https:\/\/api.w.org\/{rel}","templated":true}]}}