{"id":16250198,"date":"2023-09-23T15:50:53","date_gmt":"2023-09-23T13:50:53","guid":{"rendered":"https:\/\/insights.mtd.info\/warteliste\/"},"modified":"2023-09-23T16:03:10","modified_gmt":"2023-09-23T14:03:10","slug":"warteliste","status":"publish","type":"page","link":"https:\/\/insights.mtd.info\/de\/warteliste\/","title":{"rendered":"Warteliste"},"content":{"rendered":"<p>[et_pb_section fb_built=&#8220;1&#8243; make_equal=&#8220;on&#8220; use_custom_gutter=&#8220;on&#8220; gutter_width=&#8220;2&#8243; specialty=&#8220;on&#8220; padding_top_1=&#8220;0px&#8220; padding_top_2=&#8220;0px&#8220; padding_bottom_1=&#8220;0px&#8220; padding_bottom_2=&#8220;0px&#8220; padding_top_bottom_link_1=&#8220;true&#8220; padding_top_bottom_link_2=&#8220;true&#8220; padding_left_right_link_1=&#8220;false&#8220; padding_left_right_link_2=&#8220;false&#8220; admin_label=&#8220;section 1&#8243; _builder_version=&#8220;4.20.0&#8243; _module_preset=&#8220;default&#8220; background_color=&#8220;#000000&#8243; background_image=&#8220;https:\/\/insights.mtd.info\/wp-content\/uploads\/2022\/11\/Background-Overlay-MoreThanDigital-Insights-Right-Electricvioltet-Size-2-01-01.svg&#8220; parallax=&#8220;on&#8220; inner_width=&#8220;90%&#8220; inner_width_tablet=&#8220;90%&#8220; inner_width_phone=&#8220;90%&#8220; inner_width_last_edited=&#8220;on|desktop&#8220; inner_max_width=&#8220;1100px&#8220; inner_max_width_tablet=&#8220;90%&#8220; inner_max_width_phone=&#8220;90%&#8220; inner_max_width_last_edited=&#8220;on|phone&#8220; min_height=&#8220;503.9px&#8220; custom_padding=&#8220;90px||6px||false|false&#8220; bottom_divider_flip=&#8220;vertical&#8220; animation_direction=&#8220;top&#8220; global_colors_info=&#8220;{}&#8220;][et_pb_column type=&#8220;1_2&#8243; specialty_columns=&#8220;2&#8243; _builder_version=&#8220;4.16&#8243; custom_padding=&#8220;|||&#8220; global_colors_info=&#8220;{}&#8220; custom_padding__hover=&#8220;|||&#8220;][et_pb_row_inner _builder_version=&#8220;4.16&#8243; _module_preset=&#8220;default&#8220; custom_padding=&#8220;23px||0px|||&#8220; global_colors_info=&#8220;{}&#8220;][et_pb_column_inner saved_specialty_column_type=&#8220;1_2&#8243; _builder_version=&#8220;4.16&#8243; _module_preset=&#8220;default&#8220; global_colors_info=&#8220;{}&#8220;][et_pb_text _builder_version=&#8220;4.20.0&#8243; _module_preset=&#8220;default&#8220; global_colors_info=&#8220;{}&#8220;]<\/p>\n<h1><span style=\"color: #7900d8;\">Kostenlos<\/span>\u00a0<br \/>eintragen.<\/h1>\n<p>[\/et_pb_text][et_pb_text _builder_version=&#8220;4.20.0&#8243; _module_preset=&#8220;default&#8220; text_font=&#8220;||||||||&#8220; text_text_color=&#8220;#F0F0F0&#8243; text_font_size=&#8220;18px&#8220; text_line_height=&#8220;1.8em&#8220; custom_margin=&#8220;||27px|||&#8220; custom_margin_tablet=&#8220;-10px||||false|false&#8220; custom_margin_phone=&#8220;-10px||||false|false&#8220; custom_margin_last_edited=&#8220;on|phone&#8220; global_colors_info=&#8220;{}&#8220;]<\/p>\n<p>Erleben Sie das weltweit erste umfassende Analysetool, das jeden Aspekt Ihres Unternehmens anhand von bis zu 300 einzigartigen Gesch\u00e4ftsdimensionen untersucht und bewertet. Ein ganzheitlicher Blick f\u00fcr eine fundierte strategische Entscheidungsfindung.<\/p>\n<p>[\/et_pb_text][\/et_pb_column_inner][\/et_pb_row_inner][\/et_pb_column][et_pb_column type=&#8220;1_2&#8243; _builder_version=&#8220;4.16&#8243; custom_padding=&#8220;|||&#8220; global_colors_info=&#8220;{}&#8220; custom_padding__hover=&#8220;|||&#8220;][et_pb_code _builder_version=&#8220;4.21.0&#8243; _module_preset=&#8220;default&#8220; hover_enabled=&#8220;0&#8243; global_colors_info=&#8220;{}&#8220; sticky_enabled=&#8220;0&#8243;]<script type=\"text\/javascript\" src=\"https:\/\/app.viral-loops.com\/widgetsV2\/core\/loader.js\"><\/script>[\/et_pb_code][et_pb_code _builder_version=&#8220;4.21.0&#8243; _module_preset=&#8220;default&#8220; hover_enabled=&#8220;0&#8243; global_colors_info=&#8220;{}&#8220; sticky_enabled=&#8220;0&#8243;]<form-widget ucid='cgT1je33p57JlGOA2NK1sL3cBkM'><\/form-widget><!-- [et_pb_line_break_holder] -->[\/et_pb_code][\/et_pb_column][\/et_pb_section][et_pb_section fb_built=&#8220;1&#8243; _builder_version=&#8220;4.19.0&#8243; _module_preset=&#8220;default&#8220; background_color=&#8220;#000000&#8243; custom_padding=&#8220;0px|||||&#8220; global_colors_info=&#8220;{}&#8220;][et_pb_row _builder_version=&#8220;4.16&#8243; _module_preset=&#8220;default&#8220; global_colors_info=&#8220;{}&#8220;][et_pb_column type=&#8220;4_4&#8243; _builder_version=&#8220;4.16&#8243; _module_preset=&#8220;default&#8220; global_colors_info=&#8220;{}&#8220;][dipl_lottie url=&#8220;https:\/\/insights.mtd.info\/wp-content\/uploads\/2022\/11\/20-love-heart-gradient-edited.json&#8220; _builder_version=&#8220;4.18.1&#8243; _module_preset=&#8220;default&#8220; max_width=&#8220;150px&#8220; module_alignment=&#8220;center&#8220; custom_margin=&#8220;||-2px|||&#8220; global_colors_info=&#8220;{}&#8220;][\/dipl_lottie][et_pb_text _builder_version=&#8220;4.19.0&#8243; _module_preset=&#8220;default&#8220; header_2_text_color=&#8220;#FFFFFF&#8220; text_orientation=&#8220;center&#8220; animation_style=&#8220;fade&#8220; global_colors_info=&#8220;{}&#8220;]<\/p>\n<h2><span style=\"color: #7900d8;\">#bethechange sein <\/span>und teilen.<\/h2>\n<p>[\/et_pb_text][\/et_pb_column][\/et_pb_row][\/et_pb_section][et_pb_section fb_built=&#8220;1&#8243; custom_padding_last_edited=&#8220;on|phone&#8220; _builder_version=&#8220;4.19.0&#8243; _module_preset=&#8220;default&#8220; background_color=&#8220;#000000&#8243; custom_padding=&#8220;0px||0px|||&#8220; custom_padding_tablet=&#8220;&#8220; custom_padding_phone=&#8220;&#8220; top_divider_color=&#8220;#7900D8&#8243; top_divider_height=&#8220;500px&#8220; global_colors_info=&#8220;{}&#8220;][\/et_pb_section][et_pb_section fb_built=&#8220;1&#8243; _builder_version=&#8220;4.20.0&#8243; _module_preset=&#8220;default&#8220; background_color=&#8220;#000000&#8243; background_enable_image=&#8220;off&#8220; custom_padding=&#8220;35px||4px|||&#8220; global_colors_info=&#8220;{}&#8220;][et_pb_row _builder_version=&#8220;4.17.6&#8243; _module_preset=&#8220;default&#8220; global_colors_info=&#8220;{}&#8220;][et_pb_column type=&#8220;4_4&#8243; _builder_version=&#8220;4.17.6&#8243; _module_preset=&#8220;default&#8220; global_colors_info=&#8220;{}&#8220;][et_pb_text _builder_version=&#8220;4.17.1&#8243; _module_preset=&#8220;default&#8220; module_alignment=&#8220;left&#8220; custom_margin=&#8220;11px||15px|||&#8220; global_colors_info=&#8220;{}&#8220;]<\/p>\n<h2 style=\"text-align: center;\"><span style=\"color: #ffffff;\">Neutrale <span style=\"color: #7900d8;\">360\u00b0 Business Analyse<\/span><\/span><\/h2>\n<h2 style=\"text-align: center;\"><span style=\"color: #ffffff;\">for everyone<\/span><\/h2>\n<p>[\/et_pb_text][et_pb_text _builder_version=&#8220;4.20.0&#8243; _module_preset=&#8220;default&#8220; custom_margin=&#8220;25px||61px|||&#8220; global_colors_info=&#8220;{}&#8220;]<\/p>\n<p style=\"text-align: center;\"><span style=\"color: #ffffff;\">MoreThanDigital Insights ist eine leistungsstarke Business-Analytics-Plattform, mit der alle Unternehmen in den Genuss von Business Intelligence auf hohem Niveau kommen. Wir bieten umfassende, datengest\u00fctzte Analysen f\u00fcr mehr als 300 Gesch\u00e4ftsaspekte &#8211; ein Vorteil, der fr\u00fcher nur gro\u00dfen Unternehmen vorbehalten war und jetzt auch Ihnen und Ihren Kunden zur Verf\u00fcgung steht.<\/span><\/p>\n<p>[\/et_pb_text][et_pb_button button_url=&#8220;@ET-DC@eyJkeW5hbWljIjp0cnVlLCJjb250ZW50IjoiaG9tZV91cmwiLCJzZXR0aW5ncyI6e319@&#8220; button_text=&#8220;\u00dcber Insights lesen&#8220; _builder_version=&#8220;4.20.0&#8243; _dynamic_attributes=&#8220;button_url&#8220; _module_preset=&#8220;ff5f88cb-da27-4ef7-9007-7196490b375e&#8220; button_text_color=&#8220;#FFFFFF&#8220; custom_margin=&#8220;||6px||false|false&#8220; global_colors_info=&#8220;{}&#8220; button_text_color__hover_enabled=&#8220;on|hover&#8220; button_text_color__hover=&#8220;#FFFFFF&#8220; button_bg_color__hover_enabled=&#8220;on|desktop&#8220; button_bg_color__hover=&#8220;#7900D8&#8243; button_bg_enable_color__hover=&#8220;on&#8220;][\/et_pb_button][\/et_pb_column][\/et_pb_row][et_pb_row column_structure=&#8220;1_3,1_3,1_3&#8243; _builder_version=&#8220;4.20.0&#8243; _module_preset=&#8220;default&#8220; width=&#8220;100%&#8220; custom_margin=&#8220;6px|auto||auto||&#8220; custom_padding=&#8220;||51px|||&#8220; global_colors_info=&#8220;{}&#8220;][et_pb_column type=&#8220;1_3&#8243; _builder_version=&#8220;4.17.6&#8243; _module_preset=&#8220;default&#8220; custom_padding=&#8220;0px||||false|false&#8220; global_colors_info=&#8220;{}&#8220;][et_pb_number_counter title=&#8220;Verf\u00fcgbare Module&#8220; number=&#8220;70+&#8220; percent_sign=&#8220;off&#8220; _builder_version=&#8220;4.20.0&#8243; _module_preset=&#8220;default&#8220; title_text_color=&#8220;#FFFFFF&#8220; title_font_size=&#8220;16px&#8220; number_font=&#8220;||||||||&#8220; number_text_color=&#8220;#7900D8&#8243; number_font_size=&#8220;60px&#8220; custom_margin=&#8220;||||false|false&#8220; global_colors_info=&#8220;{}&#8220;][\/et_pb_number_counter][\/et_pb_column][et_pb_column type=&#8220;1_3&#8243; _builder_version=&#8220;4.16&#8243; _module_preset=&#8220;default&#8220; custom_padding=&#8220;0px||||false|false&#8220; global_colors_info=&#8220;{}&#8220;][et_pb_number_counter title=&#8220;Business Dimensions messbar&#8220; number=&#8220;300+&#8220; percent_sign=&#8220;off&#8220; _builder_version=&#8220;4.17.6&#8243; _module_preset=&#8220;default&#8220; title_text_color=&#8220;#FFFFFF&#8220; title_font_size=&#8220;16px&#8220; number_font=&#8220;||||||||&#8220; number_text_color=&#8220;#7900D8&#8243; number_font_size=&#8220;60px&#8220; custom_margin=&#8220;||||false|false&#8220; global_colors_info=&#8220;{}&#8220;][\/et_pb_number_counter][\/et_pb_column][et_pb_column type=&#8220;1_3&#8243; _builder_version=&#8220;4.16&#8243; _module_preset=&#8220;default&#8220; custom_padding=&#8220;0px||||false|false&#8220; global_colors_info=&#8220;{}&#8220;][et_pb_number_counter title=&#8220;M\u00f6gliche Fragen&#8220; number=&#8220;1300+&#8220; percent_sign=&#8220;off&#8220; _builder_version=&#8220;4.17.6&#8243; _module_preset=&#8220;default&#8220; title_text_color=&#8220;#FFFFFF&#8220; title_font_size=&#8220;16px&#8220; number_font=&#8220;||||||||&#8220; number_text_color=&#8220;#7900D8&#8243; number_font_size=&#8220;60px&#8220; custom_margin=&#8220;||||false|false&#8220; global_colors_info=&#8220;{}&#8220;][\/et_pb_number_counter][\/et_pb_column][\/et_pb_row][\/et_pb_section][et_pb_section fb_built=&#8220;1&#8243; _builder_version=&#8220;4.18.0&#8243; _module_preset=&#8220;default&#8220; background_color=&#8220;#7900D8&#8243; saved_tabs=&#8220;all&#8220; global_colors_info=&#8220;{}&#8220;][et_pb_row column_structure=&#8220;2_3,1_3&#8243; _builder_version=&#8220;4.16&#8243; _module_preset=&#8220;default&#8220; global_colors_info=&#8220;{}&#8220;][et_pb_column type=&#8220;2_3&#8243; _builder_version=&#8220;4.16&#8243; _module_preset=&#8220;default&#8220; global_colors_info=&#8220;{}&#8220;][et_pb_text _builder_version=&#8220;4.17.1&#8243; _module_preset=&#8220;default&#8220; module_alignment=&#8220;left&#8220; custom_margin=&#8220;11px||15px|||&#8220; global_colors_info=&#8220;{}&#8220;]<\/p>\n<h2><span style=\"color: #ffffff;\">2,000,000 F\u00fchrungskr\u00e4fte<br \/>\nk\u00f6nnen nicht irren.<br \/>\n<\/span><\/h2>\n<p>[\/et_pb_text][et_pb_text _builder_version=&#8220;4.18.0&#8243; _module_preset=&#8220;default&#8220; text_text_color=&#8220;#FFFFFF&#8220; custom_margin=&#8220;25px|||||&#8220; global_colors_info=&#8220;{}&#8220;]<\/p>\n<p>MoreThanDigital genie\u00dft das Vertrauen von Millionen von F\u00fchrungskr\u00e4ften weltweit. Lesen Sie unsere Geschichte und unser Engagement f\u00fcr #bethechange, um zu erfahren, warum.<\/p>\n<p>[\/et_pb_text][\/et_pb_column][et_pb_column type=&#8220;1_3&#8243; _builder_version=&#8220;4.16&#8243; _module_preset=&#8220;default&#8220; global_colors_info=&#8220;{}&#8220;][et_pb_button button_url=&#8220;@ET-DC@eyJkeW5hbWljIjp0cnVlLCJjb250ZW50IjoicG9zdF9saW5rX3VybF9wYWdlIiwic2V0dGluZ3MiOnsicG9zdF9pZCI6IjIzNDI2NyJ9fQ==@&#8220; button_text=&#8220;Unsere Story&#8220; _builder_version=&#8220;4.18.1&#8243; _dynamic_attributes=&#8220;button_url&#8220; _module_preset=&#8220;eafe4e7f-75d2-4d9f-8fef-78e70a6a3a37&#8243; global_colors_info=&#8220;{}&#8220;][\/et_pb_button][et_pb_button button_url=&#8220;@ET-DC@eyJkeW5hbWljIjp0cnVlLCJjb250ZW50IjoicG9zdF9saW5rX3VybF9wYWdlIiwic2V0dGluZ3MiOnsicG9zdF9pZCI6IjIzNDIzNSJ9fQ==@&#8220; button_text=&#8220;#bethechange&#8220; _builder_version=&#8220;4.18.1&#8243; _dynamic_attributes=&#8220;button_url&#8220; _module_preset=&#8220;5430192c-4129-4b6f-8925-80905c7214d5&#8243; global_colors_info=&#8220;{}&#8220;][\/et_pb_button][\/et_pb_column][\/et_pb_row][\/et_pb_section]<\/p>\n","protected":false},"excerpt":{"rendered":"<p>Melden Sie sich kostenlos an, um bei der Markteinf\u00fchrung von MoreThanDigital Insights fr\u00fchzeitig Zugang zu erhalten. Erhalten Sie Zugang zu datengest\u00fctzten Einblicken in das strategische Management.<\/p>\n","protected":false},"author":3,"featured_media":16249674,"parent":0,"menu_order":0,"comment_status":"closed","ping_status":"closed","template":"","meta":{"_et_pb_use_builder":"on","_et_pb_old_content":"","_et_gb_content_width":"","footnotes":""},"class_list":["post-16250198","page","type-page","status-publish","has-post-thumbnail","hentry"],"_links":{"self":[{"href":"https:\/\/insights.mtd.info\/de\/wp-json\/wp\/v2\/pages\/16250198","targetHints":{"allow":["GET"]}}],"collection":[{"href":"https:\/\/insights.mtd.info\/de\/wp-json\/wp\/v2\/pages"}],"about":[{"href":"https:\/\/insights.mtd.info\/de\/wp-json\/wp\/v2\/types\/page"}],"author":[{"embeddable":true,"href":"https:\/\/insights.mtd.info\/de\/wp-json\/wp\/v2\/users\/3"}],"replies":[{"embeddable":true,"href":"https:\/\/insights.mtd.info\/de\/wp-json\/wp\/v2\/comments?post=16250198"}],"version-history":[{"count":8,"href":"https:\/\/insights.mtd.info\/de\/wp-json\/wp\/v2\/pages\/16250198\/revisions"}],"predecessor-version":[{"id":16250207,"href":"https:\/\/insights.mtd.info\/de\/wp-json\/wp\/v2\/pages\/16250198\/revisions\/16250207"}],"wp:featuredmedia":[{"embeddable":true,"href":"https:\/\/insights.mtd.info\/de\/wp-json\/wp\/v2\/media\/16249674"}],"wp:attachment":[{"href":"https:\/\/insights.mtd.info\/de\/wp-json\/wp\/v2\/media?parent=16250198"}],"curies":[{"name":"wp","href":"https:\/\/api.w.org\/{rel}","templated":true}]}}