{"id":16250189,"date":"2023-09-23T14:01:56","date_gmt":"2023-09-23T12:01:56","guid":{"rendered":"https:\/\/insights.mtd.info\/die-geschichte-von-morethandigital\/"},"modified":"2024-02-08T15:22:56","modified_gmt":"2024-02-08T13:22:56","slug":"die-geschichte-von-morethandigital","status":"publish","type":"page","link":"https:\/\/insights.mtd.info\/de\/die-geschichte-von-morethandigital\/","title":{"rendered":"Die Geschichte von MoreThanDigital"},"content":{"rendered":"<p>[et_pb_section fb_built=&#8220;1&#8243; make_equal=&#8220;on&#8220; use_custom_gutter=&#8220;on&#8220; gutter_width=&#8220;2&#8243; specialty=&#8220;on&#8220; next_background_color=&#8220;#ffffff&#8220; padding_top_1=&#8220;0px&#8220; padding_top_2=&#8220;0px&#8220; padding_bottom_1=&#8220;0px&#8220; padding_bottom_2=&#8220;0px&#8220; padding_top_bottom_link_1=&#8220;true&#8220; padding_top_bottom_link_2=&#8220;true&#8220; padding_left_right_link_1=&#8220;false&#8220; padding_left_right_link_2=&#8220;false&#8220; admin_label=&#8220;section 1&#8243; _builder_version=&#8220;4.18.0&#8243; _module_preset=&#8220;default&#8220; use_background_color_gradient=&#8220;on&#8220; background_color_gradient_direction=&#8220;86deg&#8220; background_color_gradient_stops=&#8220;#222222 20%|#7900d8 100%&#8220; background_color_gradient_start=&#8220;#222222&#8243; background_color_gradient_start_position=&#8220;20%&#8220; background_color_gradient_end=&#8220;#7900d8&#8243; background_image=&#8220;https:\/\/insights.mtd.info\/wp-content\/uploads\/2022\/03\/morethandigital-insights-background.webp&#8220; inner_width=&#8220;90%&#8220; inner_width_tablet=&#8220;90%&#8220; inner_width_phone=&#8220;90%&#8220; inner_width_last_edited=&#8220;on|desktop&#8220; inner_max_width=&#8220;1100px&#8220; inner_max_width_tablet=&#8220;90%&#8220; inner_max_width_phone=&#8220;90%&#8220; inner_max_width_last_edited=&#8220;on|phone&#8220; min_height=&#8220;450px&#8220; custom_padding=&#8220;90px||6px||false|false&#8220; bottom_divider_style=&#8220;wave&#8220; bottom_divider_flip=&#8220;vertical&#8220; animation_direction=&#8220;top&#8220; global_colors_info=&#8220;{}&#8220;][et_pb_column type=&#8220;1_2&#8243; specialty_columns=&#8220;2&#8243; _builder_version=&#8220;4.16&#8243; custom_padding=&#8220;|||&#8220; global_colors_info=&#8220;{}&#8220; custom_padding__hover=&#8220;|||&#8220;][et_pb_row_inner _builder_version=&#8220;4.16&#8243; _module_preset=&#8220;default&#8220; custom_padding=&#8220;23px||0px|||&#8220; global_colors_info=&#8220;{}&#8220;][et_pb_column_inner saved_specialty_column_type=&#8220;1_2&#8243; _builder_version=&#8220;4.16&#8243; _module_preset=&#8220;default&#8220; global_colors_info=&#8220;{}&#8220;][et_pb_text _builder_version=&#8220;4.18.0&#8243; _module_preset=&#8220;default&#8220; header_font_size=&#8220;43px&#8220; global_colors_info=&#8220;{}&#8220;]<\/p>\n<h1>Die MoreThanDigital <span style=\"color: #7900d8;\">Story<\/span><\/h1>\n<p>[\/et_pb_text][et_pb_text _builder_version=&#8220;4.18.0&#8243; _module_preset=&#8220;default&#8220; text_font=&#8220;||||||||&#8220; text_text_color=&#8220;#F0F0F0&#8243; text_font_size=&#8220;18px&#8220; text_line_height=&#8220;1.8em&#8220; custom_margin=&#8220;||27px|||&#8220; custom_margin_tablet=&#8220;-10px||||false|false&#8220; custom_margin_phone=&#8220;-10px||||false|false&#8220; custom_margin_last_edited=&#8220;on|phone&#8220; custom_padding=&#8220;|||2px||&#8220; global_colors_info=&#8220;{}&#8220;]<\/p>\n<p>Von der Entt\u00e4uschung, einem Blog, einer Idee zu einer globalen Organisation.<\/p>\n<p>[\/et_pb_text][\/et_pb_column_inner][\/et_pb_row_inner][\/et_pb_column][et_pb_column type=&#8220;1_2&#8243; _builder_version=&#8220;4.16&#8243; custom_padding=&#8220;|||&#8220; global_colors_info=&#8220;{}&#8220; custom_padding__hover=&#8220;|||&#8220;][\/et_pb_column][\/et_pb_section][et_pb_section fb_built=&#8220;1&#8243; _builder_version=&#8220;4.16&#8243; _module_preset=&#8220;default&#8220; global_colors_info=&#8220;{}&#8220;][et_pb_row _builder_version=&#8220;4.16&#8243; _module_preset=&#8220;default&#8220; global_colors_info=&#8220;{}&#8220;][et_pb_column type=&#8220;4_4&#8243; _builder_version=&#8220;4.16&#8243; _module_preset=&#8220;default&#8220; global_colors_info=&#8220;{}&#8220;][et_pb_text _builder_version=&#8220;4.17.1&#8243; _module_preset=&#8220;default&#8220; global_colors_info=&#8220;{}&#8220;]<\/p>\n<h2><span style=\"color: #7900d8;\">The early days<\/span> &#8211; MoreThanDigital als Blog<\/h2>\n<p>[\/et_pb_text][et_pb_text _builder_version=&#8220;4.17.6&#8243; _module_preset=&#8220;default&#8220; global_colors_info=&#8220;{}&#8220;]<\/p>\n<p>MoreThanDigital ist eine der f\u00fchrenden Digitalisierungs-, Innovations- und Zukunftsbereitschaftsplattformen. Unter dem Motto #bethechange unterst\u00fctzen wir Unternehmen und Einzelpersonen dabei, zuk\u00fcnftige Herausforderungen zu verstehen und zu meistern. Wir setzen auf hochskalierbare L\u00f6sungen und die Vorteile der Plattform\u00f6konomie, um ein digitales \u00d6kosystem zu schaffen. Unsere Basis erm\u00f6glicht es uns, unserem schnell wachsenden Publikum von Millionen von F\u00fchrungskr\u00e4ften j\u00e4hrlich zu helfen. Wir entwickeln kontinuierlich neue Plattformen, Bildungs- und Wirtschaftsf\u00f6rderungsformate, um der Zeit immer einen Schritt voraus zu sein.<\/p>\n<p>Unser Ziel ist es, komplexe Themen verst\u00e4ndlich zu machen und den Nutzern einen unmittelbaren Mehrwert zu bieten. Wir sind \u00fcberzeugt, dass wir nur gemeinsam eine nachhaltige Zukunft schaffen k\u00f6nnen. Deshalb verstehen wir uns nicht nur als \u00d6kosystem, sondern auch als Community, die f\u00fcr Fortschritt und positiven Wandel steht &#8211; We are #bethechange.<\/p>\n<p>[\/et_pb_text][\/et_pb_column][\/et_pb_row][et_pb_row _builder_version=&#8220;4.16&#8243; _module_preset=&#8220;default&#8220; global_colors_info=&#8220;{}&#8220;][et_pb_column type=&#8220;4_4&#8243; _builder_version=&#8220;4.16&#8243; _module_preset=&#8220;default&#8220; global_colors_info=&#8220;{}&#8220;][et_pb_text _builder_version=&#8220;4.17.1&#8243; _module_preset=&#8220;default&#8220; global_colors_info=&#8220;{}&#8220;]<\/p>\n<h2>Vom Blog zu einer <span style=\"color: #7900d8;\">globalen Organisation<\/span><\/h2>\n<p>[\/et_pb_text][et_pb_text _builder_version=&#8220;4.22.2&#8243; _module_preset=&#8220;default&#8220; hover_enabled=&#8220;0&#8243; global_colors_info=&#8220;{}&#8220; sticky_enabled=&#8220;0&#8243;]<\/p>\n<p>Der Blog war der Grundstein f\u00fcr die heutige Organisation, und MoreThanDigital entstand aus der festen \u00dcberzeugung, dass Technologie zum Nutzen der Gesellschaft als Ganzes eingesetzt werden kann. Der Gr\u00fcnder Benjamin Talin sah das Potenzial digitaler und innovativer L\u00f6sungen, um Organisationen zu helfen, widerstandsf\u00e4higer und zukunftssicherer zu werden und die Gesellschaft bei der Anpassung an die sich ver\u00e4ndernde Welt zu unterst\u00fctzen. Er wurde als Berater zahlreicher Regierungen, Ministerien und Wirtschaftsf\u00f6rderungseinrichtungen hinzugezogen, musste jedoch bald feststellen, dass die meisten \u00f6ffentlichen Einrichtungen nicht daran interessiert waren, ihren Status quo zu \u00e4ndern. Seine innovativen Ideen wurden als zu radikal und zu weit entfernt von den g\u00e4ngigen Praktiken der Wirtschaftsf\u00f6rderung abgetan.<\/p>\n<p>Trotz dieser Herausforderungen machte MoreThanDigital weiter und wuchs zu einer Organisation mit globaler Reichweite heran, angetrieben von der \u00dcberzeugung, dass Technologie genutzt werden kann, um wirklich etwas zu bewirken. Mit der Verpflichtung zu Neutralit\u00e4t, Unabh\u00e4ngigkeit, &#8222;No Bullshit, No Marketing&#8220; und unserem #bethechange-Engagement. Auch heute noch basiert die Organisation auf diesen Prinzipien, und wir haben es geschafft, unseren Grundwerten treu zu bleiben und gleichzeitig unz\u00e4hligen Unternehmen zu Wachstum und Erfolg zu verhelfen.<\/p>\n<p>So k\u00f6nnen wir uns auf unseren Auftrag konzentrieren und wirklich etwas bewirken. Die Organisation hat auch ihre Reichweite erweitert und arbeitet nun mit Unternehmen, Regierungen und Organisationen auf der ganzen Welt zusammen, wobei sie j\u00e4hrlich Millionen von Menschen in mehreren Sprachen unterst\u00fctzt.<\/p>\n<p>[\/et_pb_text][\/et_pb_column][\/et_pb_row][et_pb_row _builder_version=&#8220;4.16&#8243; _module_preset=&#8220;default&#8220; global_colors_info=&#8220;{}&#8220;][et_pb_column type=&#8220;4_4&#8243; _builder_version=&#8220;4.16&#8243; _module_preset=&#8220;default&#8220; global_colors_info=&#8220;{}&#8220;][et_pb_text _builder_version=&#8220;4.17.1&#8243; _module_preset=&#8220;default&#8220; global_colors_info=&#8220;{}&#8220;]<\/p>\n<h2>2020 &#8211; Die Geburt von <span style=\"color: #7900d8;\">#bethechange<\/span><\/h2>\n<p>[\/et_pb_text][et_pb_text _builder_version=&#8220;4.17.6&#8243; _module_preset=&#8220;default&#8220; global_colors_info=&#8220;{}&#8220;]<\/p>\n<p>Der Blog war der Grundstein f\u00fcr die heutige Organisation, und MoreThanDigital entstand aus der festen \u00dcberzeugung, dass Technologie zum Nutzen der Gesellschaft als Ganzes eingesetzt werden kann. Der Gr\u00fcnder Benjamin Talin sah das Potenzial digitaler und innovativer L\u00f6sungen, um Organisationen zu helfen, widerstandsf\u00e4higer und zukunftssicherer zu werden und die Gesellschaft bei der Anpassung an die sich ver\u00e4ndernde Welt zu unterst\u00fctzen. Er wurde als Berater zahlreicher Regierungen, Ministerien und Wirtschaftsf\u00f6rderungseinrichtungen hinzugezogen, musste jedoch bald feststellen, dass die meisten \u00f6ffentlichen Einrichtungen nicht daran interessiert waren, ihren Status quo zu \u00e4ndern. Seine innovativen Ideen wurden als zu radikal und zu weit entfernt von den g\u00e4ngigen Praktiken der Wirtschaftsentwicklung abgetan.<\/p>\n<p>Trotz der Herausforderungen machte MoreThanDigital weiter, angetrieben von der \u00dcberzeugung, dass Technologie genutzt werden kann, um wirklich etwas zu bewirken. Mit unserer Verpflichtung zu Neutralit\u00e4t, Unabh\u00e4ngigkeit und &#8222;No Bullshit, No Marketing&#8220; ist es uns gelungen, unseren Grundwerten treu zu bleiben und gleichzeitig unz\u00e4hligen Unternehmen zu Wachstum und Erfolg zu verhelfen.<\/p>\n<p>Auch heute noch basiert die Organisation auf den Prinzipien der Neutralit\u00e4t, Unabh\u00e4ngigkeit, &#8222;No Bullshit, No Marketing&#8220; und #bethechange. Dies erm\u00f6glicht es uns, uns auf unsere Mission zu konzentrieren und einen echten Einfluss auf die Welt zu nehmen. Die Organisation hat auch ihre Reichweite vergr\u00f6\u00dfert und arbeitet nun mit Unternehmen, Regierungen und Organisationen auf der ganzen Welt zusammen und hilft j\u00e4hrlich Millionen von Menschen in mehreren Sprachen.<\/p>\n<p>[\/et_pb_text][et_pb_text _builder_version=&#8220;4.17.1&#8243; _module_preset=&#8220;default&#8220; global_colors_info=&#8220;{}&#8220;]<\/p>\n<h2>Insights &#8211; <span style=\"color: #7900d8;\">Das n\u00e4chste Kapitel<\/span><\/h2>\n<p>[\/et_pb_text][et_pb_text _builder_version=&#8220;4.17.6&#8243; _module_preset=&#8220;default&#8220; global_colors_info=&#8220;{}&#8220;]<\/p>\n<p>MoreThanDigital Insights schl\u00e4gt ein neues Kapitel auf, um jedem die Werkzeuge f\u00fcr die Zukunft an die Hand zu geben. Nach jahrelanger Entwicklung und dem Input zahlreicher Experten, Organisationen und Institutionen er\u00f6ffnen wir eine M\u00f6glichkeit, die es jedem erm\u00f6glicht, datengest\u00fctzte Entscheidungen zu treffen.<\/p>\n<p>Diese hochmoderne Plattform wurde mit einem Ziel gegr\u00fcndet: Jedem Menschen neutrale und ganzheitliche datengest\u00fctzte Einblicke zu geben &#8211; sei es der Zugang zu datengest\u00fctzten Einblicken in ihre Organisationen, St\u00e4rken, Schw\u00e4chen, Zukunftsprognosen und Branchentrends. MoreThanDigital Insights sorgt daf\u00fcr, dass Manager weltweit \u00fcber alle Fakten verf\u00fcgen, bevor sie Entscheidungen treffen. Fakten, die bisher nur gro\u00dfen Unternehmen zug\u00e4nglich waren, die Millionen f\u00fcr Forschung, Analysen und Beratung ausgaben. Mit MoreThanDigital Insights k\u00f6nnen nun auch kleine Unternehmen \u00fcber die gleichen Informationen verf\u00fcgen wie ihre gro\u00dfen Konkurrenten und die Macht der Daten nutzen, um die besten Entscheidungen zu treffen und das Rauschen zu durchbrechen.<\/p>\n<p>Lassen Sie uns dieses Kapitel gemeinsam aufschlagen. Werden Sie Teil unserer Reise.<\/p>\n<p>#bethechange<\/p>\n<p>[\/et_pb_text][\/et_pb_column][\/et_pb_row][\/et_pb_section][et_pb_section fb_built=&#8220;1&#8243; _builder_version=&#8220;4.18.0&#8243; _module_preset=&#8220;default&#8220; background_color=&#8220;#7900D8&#8243; global_colors_info=&#8220;{}&#8220;][et_pb_row column_structure=&#8220;2_3,1_3&#8243; _builder_version=&#8220;4.16&#8243; _module_preset=&#8220;default&#8220; global_colors_info=&#8220;{}&#8220;][et_pb_column type=&#8220;2_3&#8243; _builder_version=&#8220;4.16&#8243; _module_preset=&#8220;default&#8220; global_colors_info=&#8220;{}&#8220;][et_pb_text _builder_version=&#8220;4.17.1&#8243; _module_preset=&#8220;default&#8220; module_alignment=&#8220;left&#8220; custom_margin=&#8220;11px||15px|||&#8220; global_colors_info=&#8220;{}&#8220;]<\/p>\n<h2><span style=\"color: #ffffff;\">2,000,000 F\u00fchrungskr\u00e4fte<br \/>\nk\u00f6nnen nicht irren<br \/>\n<\/span><\/h2>\n<p>[\/et_pb_text][et_pb_text _builder_version=&#8220;4.18.0&#8243; _module_preset=&#8220;default&#8220; text_text_color=&#8220;#FFFFFF&#8220; custom_margin=&#8220;25px|||||&#8220; global_colors_info=&#8220;{}&#8220;]<\/p>\n<p>MoreThanDigital genie\u00dft das Vertrauen von Millionen von F\u00fchrungskr\u00e4ften weltweit. Lesen Sie unsere Geschichte und unser Engagement f\u00fcr #bethechange, um zu erfahren, warum.<\/p>\n<p>[\/et_pb_text][\/et_pb_column][et_pb_column type=&#8220;1_3&#8243; _builder_version=&#8220;4.16&#8243; _module_preset=&#8220;default&#8220; global_colors_info=&#8220;{}&#8220;][et_pb_button button_text=&#8220;Unsere Story&#8220; _builder_version=&#8220;4.18.0&#8243; _module_preset=&#8220;eafe4e7f-75d2-4d9f-8fef-78e70a6a3a37&#8243; global_colors_info=&#8220;{}&#8220;][\/et_pb_button][et_pb_button button_text=&#8220;#bethechange&#8220; _builder_version=&#8220;4.18.0&#8243; _module_preset=&#8220;5430192c-4129-4b6f-8925-80905c7214d5&#8243; global_colors_info=&#8220;{}&#8220;][\/et_pb_button][\/et_pb_column][\/et_pb_row][\/et_pb_section][et_pb_section fb_built=&#8220;1&#8243; _builder_version=&#8220;4.16&#8243; _module_preset=&#8220;default&#8220; custom_padding=&#8220;14px||0px|||&#8220; global_colors_info=&#8220;{}&#8220;][et_pb_row column_structure=&#8220;2_5,3_5&#8243; _builder_version=&#8220;4.18.0&#8243; _module_preset=&#8220;default&#8220; custom_padding=&#8220;||0px|||&#8220; global_colors_info=&#8220;{}&#8220;][et_pb_column type=&#8220;2_5&#8243; _builder_version=&#8220;4.16&#8243; _module_preset=&#8220;default&#8220; global_colors_info=&#8220;{}&#8220;][et_pb_image src=&#8220;https:\/\/insights.mtd.info\/wp-content\/uploads\/2022\/11\/Benjamin-Talin-Founder-MoreThanDigital-2-761&#215;1024.png&#8220; alt=&#8220;Benjamin Talin &#8211; Gr\u00fcnder MoreThanDigital&#8220; title_text=&#8220;Benjamin Talin &#8211; Gr\u00fcnder MoreThanDigital&#8220; align=&#8220;center&#8220; _builder_version=&#8220;4.21.0&#8243; _module_preset=&#8220;default&#8220; max_height=&#8220;500px&#8220; filter_saturate=&#8220;0%&#8220; filter_brightness=&#8220;132%&#8220; mix_blend_mode=&#8220;multiply&#8220; global_colors_info=&#8220;{}&#8220;][\/et_pb_image][\/et_pb_column][et_pb_column type=&#8220;3_5&#8243; _builder_version=&#8220;4.16&#8243; _module_preset=&#8220;default&#8220; global_colors_info=&#8220;{}&#8220;][et_pb_icon font_icon=&#8220;&#xf10e;||fa||900&#8243; icon_width=&#8220;60px&#8220; align=&#8220;right&#8220; _builder_version=&#8220;4.17.6&#8243; _module_preset=&#8220;default&#8220; custom_padding=&#8220;22px|||||&#8220; global_colors_info=&#8220;{}&#8220;][\/et_pb_icon][et_pb_text _builder_version=&#8220;4.17.6&#8243; _module_preset=&#8220;default&#8220; custom_margin=&#8220;0px||||false|false&#8220; custom_padding=&#8220;4px|0px|11px|25px|false|false&#8220; border_color_all=&#8220;#F0F0F0&#8243; global_colors_info=&#8220;{}&#8220;]<\/p>\n<p>&#8222;Bei MoreThanDigital haben wir uns verpflichtet, unseren Kunden unvoreingenommene, neutrale Informationen und Dienstleistungen zu bieten. Wir haben keine versteckten Interessen oder Motive, und wir k\u00fcmmern uns nicht um Politik oder politische Grenzen. Wir suchen nur nach der besten und hilfreichsten L\u00f6sung, um so vielen Menschen wie m\u00f6glich zu helfen.<\/p>\n<p>Wir sind stolz darauf, eine neutrale Organisation inmitten all des L\u00e4rms und Chaos in der heutigen Welt zu sein. Unsere Leidenschaft f\u00fcr #bethechange treibt uns an, die beste Qualit\u00e4t an Dienstleistungen und L\u00f6sungen mit gro\u00dfer Wirkung zu bieten.&#8220;<\/p>\n<p><em>Benjamin Talin. Gr\u00fcnder.<\/em><\/p>\n<h4><strong>MoreThanDigital\u00a0<\/strong><\/h4>\n<p>[\/et_pb_text][\/et_pb_column][\/et_pb_row][\/et_pb_section][et_pb_section fb_built=&#8220;1&#8243; prev_background_color=&#8220;#ffffff&#8220; _builder_version=&#8220;4.21.0&#8243; _module_preset=&#8220;default&#8220; background_color=&#8220;#7900D8&#8243; background_color_gradient_direction=&#8220;86deg&#8220; background_color_gradient_start=&#8220;#222222&#8243; background_color_gradient_end=&#8220;#7900d8&#8243; background_image=&#8220;https:\/\/insights.mtd.info\/wp-content\/uploads\/2022\/03\/MTD-Background-Left-scaled.webp&#8220; parallax=&#8220;on&#8220; min_height=&#8220;527.4px&#8220; custom_margin=&#8220;-25px|||||&#8220; custom_padding=&#8220;63px|||||&#8220; top_divider_style=&#8220;wave&#8220; top_divider_height=&#8220;88px&#8220; global_module=&#8220;234105&#8243; global_colors_info=&#8220;{}&#8220;][et_pb_row use_custom_gutter=&#8220;on&#8220; gutter_width=&#8220;2&#8243; make_equal=&#8220;on&#8220; _builder_version=&#8220;4.17.6&#8243; _module_preset=&#8220;default&#8220; width=&#8220;90%&#8220; width_tablet=&#8220;90%&#8220; width_phone=&#8220;90%&#8220; width_last_edited=&#8220;on|tablet&#8220; max_width=&#8220;1100px&#8220; max_width_tablet=&#8220;90%&#8220; max_width_phone=&#8220;90%&#8220; max_width_last_edited=&#8220;on|desktop&#8220; custom_padding=&#8220;150px||80px||false|false&#8220; global_colors_info=&#8220;{}&#8220;][et_pb_column type=&#8220;4_4&#8243; _builder_version=&#8220;4.16&#8243; _module_preset=&#8220;default&#8220; global_colors_info=&#8220;{}&#8220;][et_pb_text _builder_version=&#8220;4.21.0&#8243; _module_preset=&#8220;default&#8220; header_2_text_color=&#8220;#FFFFFF&#8220; text_orientation=&#8220;center&#8220; animation_style=&#8220;fade&#8220; global_colors_info=&#8220;{}&#8220;]<\/p>\n<h2>Jetzt anmelden.<br \/>\nEs ist kostenlos. Einfach. Schnell.<\/h2>\n<p>[\/et_pb_text][et_pb_text _builder_version=&#8220;4.17.6&#8243; _module_preset=&#8220;default&#8220; text_font=&#8220;||||||||&#8220; text_text_color=&#8220;#FFFFFF&#8220; text_font_size=&#8220;18px&#8220; text_line_height=&#8220;1.8em&#8220; text_orientation=&#8220;center&#8220; max_width=&#8220;593px&#8220; module_alignment=&#8220;center&#8220; custom_margin=&#8220;-5px||||false|false&#8220; custom_margin_tablet=&#8220;-15px||||false|false&#8220; custom_margin_phone=&#8220;-15px||||false|false&#8220; custom_margin_last_edited=&#8220;on|phone&#8220; global_colors_info=&#8220;{}&#8220;]<\/p>\n<p>MoreThanDigital Insights bietet Ihnen einen 360\u00b0-Blick auf Ihr Unternehmen und hilft Ihnen, bessere, datengest\u00fctzte Entscheidungen zu treffen. Holen Sie sich die Einblicke, die Sie brauchen, um Ihr Unternehmen heute zu vergr\u00f6\u00dfern.<\/p>\n<p>[\/et_pb_text][et_pb_button button_url=&#8220;@ET-DC@eyJkeW5hbWljIjp0cnVlLCJjb250ZW50IjoicG9zdF9saW5rX3VybF9wYWdlIiwic2V0dGluZ3MiOnsicG9zdF9pZCI6IjIzNDI4MSJ9fQ==@&#8220; button_text=&#8220;In Warteliste eintragen&#8220; _builder_version=&#8220;4.21.0&#8243; _dynamic_attributes=&#8220;button_url&#8220; _module_preset=&#8220;8e8cec50-442a-4449-8bc3-0cab825938f0&#8243; animation_style=&#8220;none&#8220; global_colors_info=&#8220;{}&#8220;][\/et_pb_button][\/et_pb_column][\/et_pb_row][\/et_pb_section]<\/p>\n","protected":false},"excerpt":{"rendered":"<p>Die MoreThanDigital StoryVon der Entt\u00e4uschung, einem Blog, einer Idee zu einer globalen Organisation.The early days &#8211; MoreThanDigital als BlogMoreThanDigital ist eine der f\u00fchrenden Digitalisierungs-, Innovations- und Zukunftsbereitschaftsplattformen. Unter dem Motto #bethechange unterst\u00fctzen wir Unternehmen und Einzelpersonen dabei, zuk\u00fcnftige Herausforderungen zu verstehen und zu meistern. Wir setzen auf hochskalierbare L\u00f6sungen und die Vorteile der Plattform\u00f6konomie, um [&hellip;]<\/p>\n","protected":false},"author":1,"featured_media":0,"parent":0,"menu_order":0,"comment_status":"closed","ping_status":"closed","template":"","meta":{"_et_pb_use_builder":"on","_et_pb_old_content":"","_et_gb_content_width":"","footnotes":""},"class_list":["post-16250189","page","type-page","status-publish","hentry"],"_links":{"self":[{"href":"https:\/\/insights.mtd.info\/de\/wp-json\/wp\/v2\/pages\/16250189","targetHints":{"allow":["GET"]}}],"collection":[{"href":"https:\/\/insights.mtd.info\/de\/wp-json\/wp\/v2\/pages"}],"about":[{"href":"https:\/\/insights.mtd.info\/de\/wp-json\/wp\/v2\/types\/page"}],"author":[{"embeddable":true,"href":"https:\/\/insights.mtd.info\/de\/wp-json\/wp\/v2\/users\/1"}],"replies":[{"embeddable":true,"href":"https:\/\/insights.mtd.info\/de\/wp-json\/wp\/v2\/comments?post=16250189"}],"version-history":[{"count":6,"href":"https:\/\/insights.mtd.info\/de\/wp-json\/wp\/v2\/pages\/16250189\/revisions"}],"predecessor-version":[{"id":16250494,"href":"https:\/\/insights.mtd.info\/de\/wp-json\/wp\/v2\/pages\/16250189\/revisions\/16250494"}],"wp:attachment":[{"href":"https:\/\/insights.mtd.info\/de\/wp-json\/wp\/v2\/media?parent=16250189"}],"curies":[{"name":"wp","href":"https:\/\/api.w.org\/{rel}","templated":true}]}}