{"id":16250184,"date":"2023-09-23T13:55:52","date_gmt":"2023-09-23T11:55:52","guid":{"rendered":"https:\/\/insights.mtd.info\/bethechange\/"},"modified":"2023-09-23T13:55:53","modified_gmt":"2023-09-23T11:55:53","slug":"bethechange","status":"publish","type":"page","link":"https:\/\/insights.mtd.info\/de\/bethechange\/","title":{"rendered":"#bethechange"},"content":{"rendered":"<p>[et_pb_section fb_built=&#8220;1&#8243; fullwidth=&#8220;on&#8220; _builder_version=&#8220;4.18.0&#8243; _module_preset=&#8220;default&#8220; global_colors_info=&#8220;{}&#8220;][et_pb_fullwidth_header title=&#8220;#bethechange&#8220; subhead=&#8220;Unsere Vision, Mission und Verpflichtung&#8220; _builder_version=&#8220;4.18.0&#8243; _module_preset=&#8220;default&#8220; title_text_align=&#8220;center&#8220; title_font_size=&#8220;60px&#8220; subhead_text_align=&#8220;center&#8220; subhead_font_size=&#8220;30px&#8220; background_enable_color=&#8220;off&#8220; background_image=&#8220;https:\/\/insights.mtd.info\/wp-content\/uploads\/2022\/10\/bethechange-gemeinsam.png&#8220; parallax=&#8220;on&#8220; min_height=&#8220;322.8px&#8220; custom_padding=&#8220;150px||150px||false|false&#8220; global_colors_info=&#8220;{}&#8220;][\/et_pb_fullwidth_header][\/et_pb_section][et_pb_section fb_built=&#8220;1&#8243; _builder_version=&#8220;4.16&#8243; _module_preset=&#8220;default&#8220; custom_padding=&#8220;||0px|||&#8220; global_colors_info=&#8220;{}&#8220;][et_pb_row _builder_version=&#8220;4.16&#8243; _module_preset=&#8220;default&#8220; global_colors_info=&#8220;{}&#8220;][et_pb_column type=&#8220;4_4&#8243; _builder_version=&#8220;4.16&#8243; _module_preset=&#8220;default&#8220; global_colors_info=&#8220;{}&#8220;][et_pb_icon font_icon=&#8220;&#x33;||divi||400&#8243; icon_color=&#8220;#FF3232&#8243; icon_width=&#8220;80px&#8220; _builder_version=&#8220;4.21.0&#8243; _module_preset=&#8220;default&#8220; hover_enabled=&#8220;0&#8243; global_colors_info=&#8220;{}&#8220; sticky_enabled=&#8220;0&#8243;][\/et_pb_icon][et_pb_text _builder_version=&#8220;4.21.0&#8243; _module_preset=&#8220;default&#8220; text_orientation=&#8220;center&#8220; animation_style=&#8220;fade&#8220; hover_enabled=&#8220;0&#8243; global_colors_info=&#8220;{}&#8220; sticky_enabled=&#8220;0&#8243;]<\/p>\n<h2>Building a better world<br \/>\nthrough bold ideas <br \/>\nwith big impact.<\/h2>\n<p>[\/et_pb_text][et_pb_text _builder_version=&#8220;4.17.6&#8243; _module_preset=&#8220;default&#8220; text_font=&#8220;||||||||&#8220; text_text_color=&#8220;rgba(22,28,45,0.7)&#8220; text_orientation=&#8220;center&#8220; max_width=&#8220;800px&#8220; module_alignment=&#8220;center&#8220; custom_margin=&#8220;8px||||false|false&#8220; custom_margin_tablet=&#8220;-15px||||false|false&#8220; custom_margin_phone=&#8220;-15px||||false|false&#8220; custom_margin_last_edited=&#8220;on|phone&#8220; custom_padding=&#8220;||30px||false|false&#8220; global_colors_info=&#8220;{}&#8220;]<\/p>\n<p class=\"MsoNormal\">Unsere Mission #BeTheChange ist es, zu verbinden, zu bef\u00e4higen und zu innovieren. Wir denken anders, tr\u00e4umen gr\u00f6\u00dfer, machen es besser. Gemeinsam schaffen wir Ressourcen, Wissen und L\u00f6sungen, um den Wandel voranzutreiben und die weltweit f\u00fchrende Plattform zu werden.<\/p>\n<p>[\/et_pb_text][\/et_pb_column][\/et_pb_row][\/et_pb_section][et_pb_section fb_built=&#8220;1&#8243; _builder_version=&#8220;4.16&#8243; _module_preset=&#8220;default&#8220; custom_padding=&#8220;||0px|||&#8220; global_colors_info=&#8220;{}&#8220;][et_pb_row _builder_version=&#8220;4.16&#8243; _module_preset=&#8220;default&#8220; global_colors_info=&#8220;{}&#8220;][et_pb_column type=&#8220;4_4&#8243; _builder_version=&#8220;4.16&#8243; _module_preset=&#8220;default&#8220; global_colors_info=&#8220;{}&#8220;][et_pb_icon font_icon=&#8220;&#x70;||divi||400&#8243; icon_color=&#8220;#FF3232&#8243; icon_width=&#8220;80px&#8220; _builder_version=&#8220;4.18.0&#8243; _module_preset=&#8220;default&#8220; global_colors_info=&#8220;{}&#8220;][\/et_pb_icon][et_pb_text _builder_version=&#8220;4.17.1&#8243; _module_preset=&#8220;default&#8220; text_orientation=&#8220;center&#8220; animation_style=&#8220;fade&#8220; global_colors_info=&#8220;{}&#8220;]<\/p>\n<h2>Was ist <span style=\"color: #ff3232;\">#bethechange<\/span>?<\/h2>\n<p>[\/et_pb_text][et_pb_text _builder_version=&#8220;4.17.6&#8243; _module_preset=&#8220;default&#8220; text_font=&#8220;||||||||&#8220; text_text_color=&#8220;rgba(22,28,45,0.7)&#8220; text_orientation=&#8220;center&#8220; max_width=&#8220;800px&#8220; module_alignment=&#8220;center&#8220; custom_margin=&#8220;8px||||false|false&#8220; custom_margin_tablet=&#8220;-15px||||false|false&#8220; custom_margin_phone=&#8220;-15px||||false|false&#8220; custom_margin_last_edited=&#8220;on|phone&#8220; custom_padding=&#8220;||30px||false|false&#8220; global_colors_info=&#8220;{}&#8220;]<\/p>\n<p>#bethechange ist mehr als nur ein Hashtag in den sozialen Medien &#8211; es ist eine globale Initiative von MoreThanDigital, um die Welt zu einem besseren Ort zu machen, indem wir Wissen teilen und die Art und Weise, wie wir Dinge tun, verbessern. Wir sind eine Initiative von Experten, Unternehmen und Organisationen, die sich f\u00fcr relevantere und nachhaltigere praktische Anwendungen f\u00fcr Wirtschaft, Wissenschaft, Politik und Gesellschaft einsetzen.<\/p>\n<p>Gemeinsam wollen wir Technologie und Wissen zum Wohle aller nutzen, indem wir L\u00f6sungen umsetzen, die etwas bewirken. Wir glauben, dass der Wandel stetig ist, und wir brauchen Ihre F\u00e4higkeiten, um diesen Wandel voranzutreiben. Wir wollen Technologie und Know-how zum Wohle aller einsetzen, indem wir L\u00f6sungen implementieren, die etwas bewirken. Wir setzen uns f\u00fcr den gesellschaftlichen Wandel ein und machen die Erkenntnisse aus Technologie, Transformation und Change Management uneingeschr\u00e4nkt f\u00fcr alle zug\u00e4nglich.<\/p>\n<p>[\/et_pb_text][\/et_pb_column][\/et_pb_row][\/et_pb_section][et_pb_section fb_built=&#8220;1&#8243; _builder_version=&#8220;4.16&#8243; _module_preset=&#8220;default&#8220; custom_padding=&#8220;0px||0px|||&#8220; global_colors_info=&#8220;{}&#8220;][et_pb_row _builder_version=&#8220;4.16&#8243; _module_preset=&#8220;default&#8220; custom_padding=&#8220;||100px|||&#8220; global_colors_info=&#8220;{}&#8220;][et_pb_column type=&#8220;4_4&#8243; _builder_version=&#8220;4.16&#8243; _module_preset=&#8220;default&#8220; global_colors_info=&#8220;{}&#8220;][et_pb_icon font_icon=&#8220;&#x72;||divi||400&#8243; icon_color=&#8220;#FF3232&#8243; icon_width=&#8220;80px&#8220; _builder_version=&#8220;4.18.0&#8243; _module_preset=&#8220;default&#8220; global_colors_info=&#8220;{}&#8220;][\/et_pb_icon][et_pb_text _builder_version=&#8220;4.17.1&#8243; _module_preset=&#8220;default&#8220; text_orientation=&#8220;center&#8220; animation_style=&#8220;fade&#8220; global_colors_info=&#8220;{}&#8220;]<\/p>\n<h2>Unser #bethechange Engagement &#8211;<br \/>\n<span style=\"color: #ff3232;\">Zugang f\u00fcr alle<\/span><\/h2>\n<p>[\/et_pb_text][et_pb_text _builder_version=&#8220;4.17.6&#8243; _module_preset=&#8220;default&#8220; text_font=&#8220;||||||||&#8220; text_text_color=&#8220;rgba(22,28,45,0.7)&#8220; text_orientation=&#8220;center&#8220; max_width=&#8220;800px&#8220; module_alignment=&#8220;center&#8220; custom_margin=&#8220;3px||||false|false&#8220; custom_margin_tablet=&#8220;-15px||||false|false&#8220; custom_margin_phone=&#8220;-15px||||false|false&#8220; custom_margin_last_edited=&#8220;on|phone&#8220; custom_padding=&#8220;||30px||false|false&#8220; global_colors_info=&#8220;{}&#8220;]<\/p>\n<p>Bei MoreThanDigital setzen wir uns daf\u00fcr ein, dass jeder Zugang zu Wissen und L\u00f6sungen erh\u00e4lt, die bisher nur wenigen zug\u00e4nglich waren. Wir glauben, dass wir die Welt zum Positiven ver\u00e4ndern k\u00f6nnen, indem wir dieses Wissen und diese Werkzeuge f\u00fcr alle zug\u00e4nglich machen.<\/p>\n<p>Wir arbeiten nach dem Freemium-Modell, d. h. jeder hat kostenlosen Zugang zu unseren Ressourcen, und diejenigen, die noch mehr wollen, sollten ihren fairen Anteil je nach ihren F\u00e4higkeiten bezahlen. Auf diese Weise k\u00f6nnen wir ohne Einschr\u00e4nkungen so viele Menschen wie m\u00f6glich erreichen und etwas bewirken.<\/p>\n<p>Es mag ein schwierigerer Weg sein, aber wir glauben, dass man die Dinge auch anders machen kann.<\/p>\n<p>[\/et_pb_text][\/et_pb_column][\/et_pb_row][\/et_pb_section][et_pb_section fb_built=&#8220;1&#8243; _builder_version=&#8220;4.18.0&#8243; _module_preset=&#8220;default&#8220; background_image=&#8220;https:\/\/insights.mtd.info\/wp-content\/uploads\/2022\/10\/bethechange-for-our-future-1.png&#8220; parallax=&#8220;on&#8220; global_colors_info=&#8220;{}&#8220;][et_pb_row _builder_version=&#8220;4.17.6&#8243; _module_preset=&#8220;default&#8220; custom_margin=&#8220;50px||50px||true|false&#8220; global_colors_info=&#8220;{}&#8220;][et_pb_column type=&#8220;4_4&#8243; _builder_version=&#8220;4.16&#8243; _module_preset=&#8220;default&#8220; global_colors_info=&#8220;{}&#8220;][et_pb_text _builder_version=&#8220;4.17.6&#8243; _module_preset=&#8220;default&#8220; text_text_color=&#8220;#FFFFFF&#8220; header_2_text_color=&#8220;#FFFFFF&#8220; text_orientation=&#8220;center&#8220; background_layout=&#8220;dark&#8220; animation_style=&#8220;fade&#8220; global_colors_info=&#8220;{}&#8220;]<\/p>\n<h2>Die Zukunft f\u00fcr alle zug\u00e4nglich machen!<\/h2>\n<p>&nbsp;<\/p>\n<p>[\/et_pb_text][et_pb_text _builder_version=&#8220;4.17.6&#8243; _module_preset=&#8220;default&#8220; text_font=&#8220;||||||||&#8220; text_text_color=&#8220;#888888&#8243; text_font_size=&#8220;18px&#8220; text_line_height=&#8220;1.8em&#8220; text_orientation=&#8220;center&#8220; background_layout=&#8220;dark&#8220; max_width=&#8220;593px&#8220; module_alignment=&#8220;center&#8220; custom_margin=&#8220;-5px||||false|false&#8220; custom_margin_tablet=&#8220;-15px||||false|false&#8220; custom_margin_phone=&#8220;-15px||||false|false&#8220; custom_margin_last_edited=&#8220;on|phone&#8220; global_colors_info=&#8220;{}&#8220;]<\/p>\n<p><span style=\"color: #ffffff;\">Wir sind bestrebt, jedem den Zugang zur Zukunft zu erm\u00f6glichen. F\u00fchlen Sie sich frei, unsere Ressourcen und Dienstleistungen zu nutzen oder unsere Mission zu unterst\u00fctzen, indem Sie etwas beitragen, teilen oder mitmachen.<\/span><\/p>\n<p>[\/et_pb_text][et_pb_button button_url=&#8220;https:\/\/bethechange.international&#8220; url_new_window=&#8220;on&#8220; button_text=&#8220;#bethechange Website&#8220; _builder_version=&#8220;4.18.0&#8243; _module_preset=&#8220;eafe4e7f-75d2-4d9f-8fef-78e70a6a3a37&#8243; button_text_color=&#8220;#FF3232&#8243; global_colors_info=&#8220;{}&#8220;][\/et_pb_button][\/et_pb_column][\/et_pb_row][\/et_pb_section]<\/p>\n","protected":false},"excerpt":{"rendered":"<p>Building a better world through bold ideas with big impact.Unsere Mission #BeTheChange ist es, zu verbinden, zu bef\u00e4higen und zu innovieren. Wir denken anders, tr\u00e4umen gr\u00f6\u00dfer, machen es besser. Gemeinsam schaffen wir Ressourcen, Wissen und L\u00f6sungen, um den Wandel voranzutreiben und die weltweit f\u00fchrende Plattform zu werden.Was ist #bethechange?#bethechange ist mehr als nur ein Hashtag [&hellip;]<\/p>\n","protected":false},"author":1,"featured_media":0,"parent":0,"menu_order":0,"comment_status":"closed","ping_status":"closed","template":"","meta":{"_et_pb_use_builder":"on","_et_pb_old_content":"","_et_gb_content_width":"","footnotes":""},"class_list":["post-16250184","page","type-page","status-publish","hentry"],"_links":{"self":[{"href":"https:\/\/insights.mtd.info\/de\/wp-json\/wp\/v2\/pages\/16250184","targetHints":{"allow":["GET"]}}],"collection":[{"href":"https:\/\/insights.mtd.info\/de\/wp-json\/wp\/v2\/pages"}],"about":[{"href":"https:\/\/insights.mtd.info\/de\/wp-json\/wp\/v2\/types\/page"}],"author":[{"embeddable":true,"href":"https:\/\/insights.mtd.info\/de\/wp-json\/wp\/v2\/users\/1"}],"replies":[{"embeddable":true,"href":"https:\/\/insights.mtd.info\/de\/wp-json\/wp\/v2\/comments?post=16250184"}],"version-history":[{"count":2,"href":"https:\/\/insights.mtd.info\/de\/wp-json\/wp\/v2\/pages\/16250184\/revisions"}],"predecessor-version":[{"id":16250186,"href":"https:\/\/insights.mtd.info\/de\/wp-json\/wp\/v2\/pages\/16250184\/revisions\/16250186"}],"wp:attachment":[{"href":"https:\/\/insights.mtd.info\/de\/wp-json\/wp\/v2\/media?parent=16250184"}],"curies":[{"name":"wp","href":"https:\/\/api.w.org\/{rel}","templated":true}]}}