{"id":16250165,"date":"2023-09-13T17:10:28","date_gmt":"2023-09-13T15:10:28","guid":{"rendered":"https:\/\/insights.mtd.info\/insights-driven-organization-ido\/"},"modified":"2023-10-29T11:16:12","modified_gmt":"2023-10-29T09:16:12","slug":"insights-driven-organization-ido","status":"publish","type":"page","link":"https:\/\/insights.mtd.info\/de\/insights-driven-organization-ido\/","title":{"rendered":"Insights-Driven Organization (IDO)"},"content":{"rendered":"<p>[et_pb_section fb_built=&#8220;1&#8243; make_equal=&#8220;on&#8220; use_custom_gutter=&#8220;on&#8220; gutter_width=&#8220;2&#8243; specialty=&#8220;on&#8220; next_background_color=&#8220;#ffffff&#8220; padding_top_1=&#8220;0px&#8220; padding_top_2=&#8220;0px&#8220; padding_bottom_1=&#8220;0px&#8220; padding_bottom_2=&#8220;0px&#8220; padding_top_bottom_link_1=&#8220;true&#8220; padding_top_bottom_link_2=&#8220;true&#8220; padding_left_right_link_1=&#8220;false&#8220; padding_left_right_link_2=&#8220;false&#8220; admin_label=&#8220;section 1&#8243; _builder_version=&#8220;4.21.0&#8243; _module_preset=&#8220;default&#8220; background_color=&#8220;#000000&#8243; background_image=&#8220;https:\/\/insights.mtd.info\/wp-content\/uploads\/2022\/11\/Background-Overlay-MoreThanDigital-Insights-Right-Electricvioltet-01-01-01.svg&#8220; parallax=&#8220;on&#8220; module_alignment=&#8220;center&#8220; inner_width=&#8220;100%&#8220; inner_width_tablet=&#8220;90%&#8220; inner_width_phone=&#8220;90%&#8220; inner_width_last_edited=&#8220;on|desktop&#8220; inner_max_width_tablet=&#8220;90%&#8220; inner_max_width_phone=&#8220;90%&#8220; inner_max_width_last_edited=&#8220;on|phone&#8220; min_height=&#8220;618.2px&#8220; custom_padding=&#8220;90px||6px||false|false&#8220; bottom_divider_style=&#8220;wave&#8220; bottom_divider_flip=&#8220;vertical&#8220; animation_direction=&#8220;top&#8220; global_colors_info=&#8220;{}&#8220;][et_pb_column type=&#8220;1_2&#8243; specialty_columns=&#8220;2&#8243; _builder_version=&#8220;4.16&#8243; custom_padding=&#8220;|||&#8220; global_colors_info=&#8220;{}&#8220; custom_padding__hover=&#8220;|||&#8220;][et_pb_row_inner _builder_version=&#8220;4.18.1&#8243; _module_preset=&#8220;default&#8220; custom_padding=&#8220;23px||50px||false|false&#8220; global_colors_info=&#8220;{}&#8220;][et_pb_column_inner saved_specialty_column_type=&#8220;1_2&#8243; _builder_version=&#8220;4.16&#8243; _module_preset=&#8220;default&#8220; global_colors_info=&#8220;{}&#8220;][et_pb_text _builder_version=&#8220;4.19.0&#8243; _module_preset=&#8220;default&#8220; header_font_size=&#8220;43px&#8220; global_colors_info=&#8220;{}&#8220;]<\/p>\n<h1><span style=\"color: #7900d8;\">Insights<\/span>-Driven Organization (IDO).<\/h1>\n<p>[\/et_pb_text][et_pb_text _builder_version=&#8220;4.19.0&#8243; _module_preset=&#8220;default&#8220; text_font=&#8220;||||||||&#8220; text_text_color=&#8220;#F0F0F0&#8243; text_font_size=&#8220;18px&#8220; text_line_height=&#8220;1.8em&#8220; custom_margin=&#8220;||27px|||&#8220; custom_margin_tablet=&#8220;-10px||||false|false&#8220; custom_margin_phone=&#8220;-10px||||false|false&#8220; custom_margin_last_edited=&#8220;on|phone&#8220; global_colors_info=&#8220;{}&#8220;]<\/p>\n<p>Die Zukunft ist erkenntnisgetrieben. Verstehe, wie f\u00fchrende Unternehmen weltweit mit Hilfe von Daten und <a href=\"https:\/\/insights.mtd.info\/de\/\">Insights<\/a> ihre Konkurrenz \u00fcbertreffen k\u00f6nnen.<\/p>\n<p>[\/et_pb_text][et_pb_button button_url=&#8220;@ET-DC@eyJkeW5hbWljIjp0cnVlLCJjb250ZW50IjoicG9zdF9saW5rX3VybF9wYWdlIiwic2V0dGluZ3MiOnsicG9zdF9pZCI6IjIzNDI4MSJ9fQ==@&#8220; button_text=&#8220;In Warteliste eintragen&#8220; button_alignment=&#8220;left&#8220; _builder_version=&#8220;4.18.1&#8243; _dynamic_attributes=&#8220;button_url&#8220; _module_preset=&#8220;ff5f88cb-da27-4ef7-9007-7196490b375e&#8220; global_module=&#8220;234314&#8243; locked=&#8220;off&#8220; global_colors_info=&#8220;{}&#8220;][\/et_pb_button][et_pb_text _builder_version=&#8220;4.17.1&#8243; _module_preset=&#8220;default&#8220; text_font=&#8220;|300|||||||&#8220; text_text_color=&#8220;#a3a3a3&#8243; text_font_size=&#8220;11px&#8220; text_line_height=&#8220;1em&#8220; custom_margin=&#8220;8px||||false|false&#8220; global_colors_info=&#8220;{}&#8220;]<\/p>\n<p>\u203a Kostenlos \u203a Keine Kreditkarte \u203a Keine versteckten Kosten<\/p>\n<p>[\/et_pb_text][\/et_pb_column_inner][\/et_pb_row_inner][\/et_pb_column][et_pb_column type=&#8220;1_2&#8243; _builder_version=&#8220;4.16&#8243; custom_padding=&#8220;|||&#8220; global_colors_info=&#8220;{}&#8220; custom_padding__hover=&#8220;|||&#8220;][\/et_pb_column][\/et_pb_section][et_pb_section fb_built=&#8220;1&#8243; _builder_version=&#8220;4.21.0&#8243; _module_preset=&#8220;default&#8220; custom_margin=&#8220;||||false|false&#8220; custom_margin_tablet=&#8220;0px||||false|false&#8220; custom_margin_phone=&#8220;-40px||||false|false&#8220; custom_margin_last_edited=&#8220;on|phone&#8220; custom_padding=&#8220;||9px|||&#8220; global_colors_info=&#8220;{}&#8220;][et_pb_row _builder_version=&#8220;4.16&#8243; _module_preset=&#8220;default&#8220; custom_padding=&#8220;||98px|||&#8220; global_colors_info=&#8220;{}&#8220;][et_pb_column type=&#8220;4_4&#8243; _builder_version=&#8220;4.16&#8243; _module_preset=&#8220;default&#8220; global_colors_info=&#8220;{}&#8220;][et_pb_text _builder_version=&#8220;4.17.1&#8243; _module_preset=&#8220;default&#8220; custom_margin=&#8220;-23px|||||&#8220; animation_style=&#8220;fade&#8220; global_colors_info=&#8220;{}&#8220;]<\/p>\n<h2 style=\"text-align: center;\">Die n\u00e4chste Generation von Unternehmen\u00a0<br \/>\n<span style=\"color: #7900d8;\">Insights-Driven Organization (IDO).<\/span><\/h2>\n<p>[\/et_pb_text][et_pb_text _builder_version=&#8220;4.17.6&#8243; _module_preset=&#8220;default&#8220; text_font=&#8220;||||||||&#8220; text_text_color=&#8220;rgba(22,28,45,0.7)&#8220; text_orientation=&#8220;center&#8220; max_width=&#8220;800px&#8220; module_alignment=&#8220;center&#8220; custom_margin=&#8220;-1px||||false|false&#8220; custom_margin_tablet=&#8220;-15px||||false|false&#8220; custom_margin_phone=&#8220;-15px||||false|false&#8220; custom_margin_last_edited=&#8220;on|phone&#8220; custom_padding=&#8220;||0px||false|false&#8220; global_colors_info=&#8220;{}&#8220;]<\/p>\n<p>Eine Insights-Driven Organization (IDO) ist ein zukunftsorientiertes Unternehmen, das Daten, Analysen und k\u00fcnstliche Intelligenz (KI) als Grundlage f\u00fcr seine Entscheidungsprozesse nutzt, um Innovation und Wachstum zu f\u00f6rdern.<\/p>\n<p>Der Hauptunterschied zwischen datengesteuerten und erkenntnisgesteuerten Ans\u00e4tzen ist die Tiefe des Verst\u00e4ndnisses und der Strategien, die aus den gesammelten Daten abgeleitet werden. Hier m\u00fcssen Unternehmen nicht in riesige Datens\u00e4tze und teure Tools investieren, sondern nutzen intelligente Erkenntnisse, um der Konkurrenz einen Schritt voraus zu sein.<\/p>\n<p>Der \u00dcbergang zu einer IDO erfordert ein tiefes Verst\u00e4ndnis von Daten und Analysen, eine Kultur der Neugier und Risikobereitschaft, einen integrierten Technologieansatz und einen strategischen Fokus auf das Erreichen von Zielen. Die Unternehmen, denen es gelingt, Insights zu ihrem Vorteil zu nutzen, entwickeln sich viel schneller weiter und k\u00f6nnen sich durch diese Effizienzgewinne einen Vorsprung gegen\u00fcber der Konkurrenz sichern.<\/p>\n<p>MoreThanDigital Insights hilft dabei, das immense Potenzial datengest\u00fctzter Erkenntnisse zu nutzen &#8211; in einer einfachen Plattform. Unsere Plattform ist ein einzigartiges Tool, mit dem du alle wichtigen Aspekte deines Unternehmens an einem Ort messen kannst. Dabei bewertet Insights die Leistung \u00fcber mehrere Dimensionen hinweg und bietet robuste Benchmarking-Funktionen.<\/p>\n<p><strong>Nutze einfach MoreThanDigital Insights<\/strong> &#8211; so brauchst du keine zus\u00e4tzliche Software, teure Datenquellen, gro\u00dfe Technologie-Teams oder Datenanalysten und kannst gleichzeitig eine weltweit f\u00fchrende Plattform nutzen.<\/p>\n<p>&nbsp;<\/p>\n<p>Erfahre mehr \u00fcber unsere &#8222;Insights Driven&#8220; Initiative:\u00a0<\/p>\n<p>[\/et_pb_text][et_pb_button button_url=&#8220;https:\/\/insights-driven.org\/&#8220; button_text=&#8220;INSIGHTS-DRIVEN.ORG&#8220; _builder_version=&#8220;4.21.0&#8243; _module_preset=&#8220;ff5f88cb-da27-4ef7-9007-7196490b375e&#8220; global_colors_info=&#8220;{}&#8220;][\/et_pb_button][\/et_pb_column][\/et_pb_row][\/et_pb_section][et_pb_section fb_built=&#8220;1&#8243; _builder_version=&#8220;4.18.0&#8243; _module_preset=&#8220;default&#8220; background_color=&#8220;#7900D8&#8243; global_module=&#8220;234329&#8243; saved_tabs=&#8220;all&#8220; global_colors_info=&#8220;{}&#8220;][et_pb_row column_structure=&#8220;2_3,1_3&#8243; _builder_version=&#8220;4.16&#8243; _module_preset=&#8220;default&#8220; global_colors_info=&#8220;{}&#8220;][et_pb_column type=&#8220;2_3&#8243; _builder_version=&#8220;4.16&#8243; _module_preset=&#8220;default&#8220; global_colors_info=&#8220;{}&#8220;][et_pb_text _builder_version=&#8220;4.17.1&#8243; _module_preset=&#8220;default&#8220; module_alignment=&#8220;left&#8220; custom_margin=&#8220;11px||15px|||&#8220; global_colors_info=&#8220;{}&#8220;]<\/p>\n<h2><span style=\"color: #ffffff;\">2,000,000 Executives<br \/>\nk\u00f6nnen nicht irren.<br \/>\n<\/span><\/h2>\n<p>[\/et_pb_text][et_pb_text _builder_version=&#8220;4.18.0&#8243; _module_preset=&#8220;default&#8220; text_text_color=&#8220;#FFFFFF&#8220; custom_margin=&#8220;25px|||||&#8220; global_colors_info=&#8220;{}&#8220;]<\/p>\n<p>MoreThanDigital wird von Millionen von F\u00fchrungskr\u00e4ften weltweit vertraut. Lies unsere Geschichte und unser #bethechange-Engagement, um zu erfahren, warum.<\/p>\n<p>[\/et_pb_text][\/et_pb_column][et_pb_column type=&#8220;1_3&#8243; _builder_version=&#8220;4.16&#8243; _module_preset=&#8220;default&#8220; global_colors_info=&#8220;{}&#8220;][et_pb_button button_url=&#8220;@ET-DC@eyJkeW5hbWljIjp0cnVlLCJjb250ZW50IjoicG9zdF9saW5rX3VybF9wYWdlIiwic2V0dGluZ3MiOnsicG9zdF9pZCI6IjIzNDI2NyJ9fQ==@&#8220; button_text=&#8220;Unsere Story&#8220; _builder_version=&#8220;4.18.1&#8243; _dynamic_attributes=&#8220;button_url&#8220; _module_preset=&#8220;eafe4e7f-75d2-4d9f-8fef-78e70a6a3a37&#8243; global_colors_info=&#8220;{}&#8220;][\/et_pb_button][et_pb_button button_url=&#8220;@ET-DC@eyJkeW5hbWljIjp0cnVlLCJjb250ZW50IjoicG9zdF9saW5rX3VybF9wYWdlIiwic2V0dGluZ3MiOnsicG9zdF9pZCI6IjIzNDIzNSJ9fQ==@&#8220; button_text=&#8220;#bethechange&#8220; _builder_version=&#8220;4.18.1&#8243; _dynamic_attributes=&#8220;button_url&#8220; _module_preset=&#8220;5430192c-4129-4b6f-8925-80905c7214d5&#8243; global_colors_info=&#8220;{}&#8220;][\/et_pb_button][\/et_pb_column][\/et_pb_row][\/et_pb_section][et_pb_section fb_built=&#8220;1&#8243; _builder_version=&#8220;4.16&#8243; _module_preset=&#8220;default&#8220; custom_margin=&#8220;0px||||false|false&#8220; custom_margin_tablet=&#8220;0px||||false|false&#8220; custom_margin_phone=&#8220;-40px||||false|false&#8220; custom_margin_last_edited=&#8220;on|phone&#8220; custom_padding=&#8220;||9px|||&#8220; global_colors_info=&#8220;{}&#8220;][et_pb_row _builder_version=&#8220;4.16&#8243; _module_preset=&#8220;default&#8220; custom_padding=&#8220;||24px|||&#8220; global_colors_info=&#8220;{}&#8220;][et_pb_column type=&#8220;4_4&#8243; _builder_version=&#8220;4.16&#8243; _module_preset=&#8220;default&#8220; global_colors_info=&#8220;{}&#8220;][et_pb_text _builder_version=&#8220;4.17.1&#8243; _module_preset=&#8220;default&#8220; custom_margin=&#8220;-23px|||||&#8220; animation_style=&#8220;fade&#8220; global_colors_info=&#8220;{}&#8220;]<\/p>\n<h2 style=\"text-align: center;\">Mehr als KPIs &#8211; <span style=\"color: #7900d8;\">The IDO Dimensionen.<\/span><\/h2>\n<p>[\/et_pb_text][et_pb_text _builder_version=&#8220;4.17.6&#8243; _module_preset=&#8220;default&#8220; text_font=&#8220;||||||||&#8220; text_text_color=&#8220;rgba(22,28,45,0.7)&#8220; text_orientation=&#8220;center&#8220; max_width=&#8220;800px&#8220; module_alignment=&#8220;center&#8220; custom_margin=&#8220;-1px||||false|false&#8220; custom_margin_tablet=&#8220;-15px||||false|false&#8220; custom_margin_phone=&#8220;-15px||||false|false&#8220; custom_margin_last_edited=&#8220;on|phone&#8220; custom_padding=&#8220;||63px||false|false&#8220; global_colors_info=&#8220;{}&#8220;]<\/p>\n<p>In einer immer komplexer werdenden Unternehmenslandschaft lebt eine Insights Driven Organization (IDO) nicht nur von Finanzanalysen, sondern von einem umfassenden Verst\u00e4ndnis der verschiedenen Dimensionen, die f\u00fcr den Betrieb wichtig sind. Bei der traditionellen datengest\u00fctzten Entscheidungsfindung werden diese wichtigen Dimensionen oft vernachl\u00e4ssigt, vor allem weil es schwierig ist, sie zu messen. MoreThanDigital Insights revolutioniert dies, indem es Unternehmen erm\u00f6glicht, diese entscheidenden Aspekte, die das Herzst\u00fcck der Insights Driven Organizations sind, zu messen, zu analysieren und zu vergleichen.\u00a0<\/p>\n<p>[\/et_pb_text][\/et_pb_column][\/et_pb_row][et_pb_row column_structure=&#8220;1_3,1_3,1_3&#8243; _builder_version=&#8220;4.21.0&#8243; _module_preset=&#8220;default&#8220; global_colors_info=&#8220;{}&#8220;][et_pb_column type=&#8220;1_3&#8243; _builder_version=&#8220;4.21.0&#8243; _module_preset=&#8220;default&#8220; global_colors_info=&#8220;{}&#8220;][et_pb_blurb title=&#8220;Strategie &amp; Innovation&#8220; use_icon=&#8220;on&#8220; font_icon=&#8220;&#xf0eb;||fa||400&#8243; icon_color=&#8220;#888888&#8243; _builder_version=&#8220;4.21.0&#8243; _module_preset=&#8220;default&#8220; header_font_size=&#8220;20px&#8220; header_line_height=&#8220;2em&#8220; body_font_size=&#8220;14px&#8220; text_orientation=&#8220;center&#8220; module_alignment=&#8220;center&#8220; min_height=&#8220;350px&#8220; custom_margin=&#8220;||||false|false&#8220; custom_padding=&#8220;20px|20px|20px|20px|true|true&#8220; border_radii=&#8220;on|30px|30px|30px|30px&#8220; box_shadow_style=&#8220;preset1&#8243; global_colors_info=&#8220;{}&#8220; image_icon_background_color__hover_enabled=&#8220;on|desktop&#8220;]<\/p>\n<p>Diese Dimension konzentriert sich auf die F\u00e4higkeit des Unternehmens, seine langfristigen Ziele zu planen und umzusetzen. Au\u00dferdem wird bewertet, wie das Unternehmen eine Innovationskultur pflegt, um das Wachstum voranzutreiben und wettbewerbsf\u00e4hig zu bleiben.<\/p>\n<p>[\/et_pb_blurb][et_pb_blurb title=&#8220;Mitarbeiter &amp; Kultur&#8220; use_icon=&#8220;on&#8220; font_icon=&#8220;&#xf500;||fa||900&#8243; icon_color=&#8220;#888888&#8243; _builder_version=&#8220;4.21.0&#8243; _module_preset=&#8220;default&#8220; header_font_size=&#8220;20px&#8220; header_line_height=&#8220;2em&#8220; body_font_size=&#8220;14px&#8220; text_orientation=&#8220;center&#8220; module_alignment=&#8220;center&#8220; min_height=&#8220;350px&#8220; custom_margin=&#8220;||||false|false&#8220; custom_padding=&#8220;20px|20px|20px|20px|true|true&#8220; border_radii=&#8220;on|30px|30px|30px|30px&#8220; box_shadow_style=&#8220;preset1&#8243; global_colors_info=&#8220;{}&#8220; image_icon_background_color__hover_enabled=&#8220;on|desktop&#8220;]<\/p>\n<p>Diese Dimension bewertet die menschliche Komponente in einem Unternehmen, einschlie\u00dflich der Arbeitsplatzkultur, des F\u00fchrungsstils, der Strategien zur Gewinnung und Entwicklung von Talenten und der allgemeinen Erfahrung der Mitarbeiter.<\/p>\n<p>[\/et_pb_blurb][\/et_pb_column][et_pb_column type=&#8220;1_3&#8243; _builder_version=&#8220;4.21.0&#8243; _module_preset=&#8220;default&#8220; global_colors_info=&#8220;{}&#8220;][et_pb_blurb title=&#8220;Abl\u00e4ufe &amp; Prozesse&#8220; use_icon=&#8220;on&#8220; font_icon=&#8220;&#xf009;||fa||900&#8243; icon_color=&#8220;#888888&#8243; _builder_version=&#8220;4.21.0&#8243; _module_preset=&#8220;default&#8220; header_font_size=&#8220;20px&#8220; header_line_height=&#8220;2em&#8220; body_font_size=&#8220;14px&#8220; text_orientation=&#8220;center&#8220; module_alignment=&#8220;center&#8220; min_height=&#8220;350px&#8220; custom_margin=&#8220;||||false|false&#8220; custom_padding=&#8220;20px|20px|20px|20px|true|true&#8220; border_radii=&#8220;on|30px|30px|30px|30px&#8220; box_shadow_style=&#8220;preset1&#8243; global_colors_info=&#8220;{}&#8220; image_icon_background_color__hover_enabled=&#8220;on|desktop&#8220;]<\/p>\n<p>Diese Dimension befasst sich mit der betrieblichen Effizienz, den Prozessmanagementstrategien und der Agilit\u00e4t des Unternehmens. Au\u00dferdem wird die Effektivit\u00e4t der Kommunikations- und Kooperationsmethoden untersucht.<\/p>\n<p>[\/et_pb_blurb][et_pb_blurb title=&#8220;Daten &amp; Analytik&#8220; use_icon=&#8220;on&#8220; font_icon=&#8220;&#xe0ec;||divi||400&#8243; icon_color=&#8220;#888888&#8243; _builder_version=&#8220;4.21.0&#8243; _module_preset=&#8220;default&#8220; header_font_size=&#8220;20px&#8220; header_line_height=&#8220;2em&#8220; body_font_size=&#8220;14px&#8220; text_orientation=&#8220;center&#8220; module_alignment=&#8220;center&#8220; min_height=&#8220;350px&#8220; custom_margin=&#8220;||||false|false&#8220; custom_padding=&#8220;20px|20px|20px|20px|true|true&#8220; border_radii=&#8220;on|30px|30px|30px|30px&#8220; box_shadow_style=&#8220;preset1&#8243; global_colors_info=&#8220;{}&#8220; image_icon_background_color__hover_enabled=&#8220;on|desktop&#8220;]<\/p>\n<p>Dieser Bereich befasst sich mit der F\u00e4higkeit der Organisation, Daten effektiv zu verwalten, zu interpretieren und zu nutzen. Er untersucht die Richtlinien f\u00fcr das Datenmanagement, die Datenbeschaffung bis hin zur Einhaltung von Datensicherheitsvorschriften.<\/p>\n<p>[\/et_pb_blurb][\/et_pb_column][et_pb_column type=&#8220;1_3&#8243; _builder_version=&#8220;4.21.0&#8243; _module_preset=&#8220;default&#8220; global_colors_info=&#8220;{}&#8220;][et_pb_blurb title=&#8220;Technologie &amp; IT&#8220; use_icon=&#8220;on&#8220; font_icon=&#8220;&#xf109;||fa||900&#8243; icon_color=&#8220;#888888&#8243; _builder_version=&#8220;4.21.0&#8243; _module_preset=&#8220;default&#8220; header_font_size=&#8220;20px&#8220; header_line_height=&#8220;2em&#8220; body_font_size=&#8220;14px&#8220; text_orientation=&#8220;center&#8220; module_alignment=&#8220;center&#8220; min_height=&#8220;350px&#8220; custom_margin=&#8220;||||false|false&#8220; custom_padding=&#8220;20px|20px|20px|20px|true|true&#8220; border_radii=&#8220;on|30px|30px|30px|30px&#8220; box_shadow_style=&#8220;preset1&#8243; global_colors_info=&#8220;{}&#8220; image_icon_background_color__hover_enabled=&#8220;on|desktop&#8220;]<\/p>\n<p>In diesem Bereich geht es darum, wie ein Unternehmen Technologie und IT-Infrastruktur f\u00fcr seine Gesch\u00e4ftst\u00e4tigkeit nutzt. Es geht darum, wie ein Unternehmen die Technologie in seine Gesch\u00e4ftsstrategien integriert und wie es seine Cybersicherheitsma\u00dfnahmen bewertet.<\/p>\n<p>[\/et_pb_blurb][et_pb_blurb title=&#8220;Kunden &amp; Engagement&#8220; use_icon=&#8220;on&#8220; font_icon=&#8220;&#xf0c1;||fa||900&#8243; icon_color=&#8220;#888888&#8243; _builder_version=&#8220;4.21.0&#8243; _module_preset=&#8220;default&#8220; header_font_size=&#8220;20px&#8220; body_font_size=&#8220;14px&#8220; text_orientation=&#8220;center&#8220; module_alignment=&#8220;center&#8220; min_height=&#8220;350px&#8220; custom_margin=&#8220;||||false|false&#8220; custom_padding=&#8220;20px|20px|20px|20px|true|true&#8220; border_radii=&#8220;on|30px|30px|30px|30px&#8220; box_shadow_style=&#8220;preset1&#8243; global_colors_info=&#8220;{}&#8220; image_icon_background_color__hover_enabled=&#8220;on|desktop&#8220;]<\/p>\n<p>In dieser Dimension wird untersucht, wie das Unternehmen seine Kundenbeziehungen pflegt, die Bed\u00fcrfnisse seiner Kunden versteht und das Kundenerlebnis verbessert.\u00a0<\/p>\n<p>[\/et_pb_blurb][\/et_pb_column][\/et_pb_row][\/et_pb_section][et_pb_section fb_built=&#8220;1&#8243; _builder_version=&#8220;4.16&#8243; _module_preset=&#8220;default&#8220; custom_padding=&#8220;0px|||||&#8220; global_colors_info=&#8220;{}&#8220;][et_pb_row _builder_version=&#8220;4.16&#8243; _module_preset=&#8220;default&#8220; custom_padding=&#8220;99px||99px|||&#8220; global_colors_info=&#8220;{}&#8220;][et_pb_column type=&#8220;4_4&#8243; _builder_version=&#8220;4.16&#8243; _module_preset=&#8220;default&#8220; global_colors_info=&#8220;{}&#8220;][et_pb_text _builder_version=&#8220;4.17.1&#8243; _module_preset=&#8220;default&#8220; text_orientation=&#8220;center&#8220; animation_style=&#8220;fade&#8220; global_colors_info=&#8220;{}&#8220;]<\/p>\n<h2>MoreThanDigital Insights erm\u00f6glicht es JEDEM, eine\u00a0<span style=\"color: #7900d8;\">Insights-Driven Organization\u00a0<\/span>zu werden.<\/h2>\n<p>[\/et_pb_text][\/et_pb_column][\/et_pb_row][\/et_pb_section][et_pb_section fb_built=&#8220;1&#8243; prev_background_color=&#8220;#ffffff&#8220; _builder_version=&#8220;4.21.0&#8243; _module_preset=&#8220;default&#8220; background_color=&#8220;#7900D8&#8243; background_color_gradient_direction=&#8220;86deg&#8220; background_color_gradient_start=&#8220;#222222&#8243; background_color_gradient_end=&#8220;#7900d8&#8243; background_image=&#8220;https:\/\/insights.mtd.info\/wp-content\/uploads\/2022\/03\/MTD-Background-Left-scaled.webp&#8220; parallax=&#8220;on&#8220; min_height=&#8220;527.4px&#8220; top_divider_style=&#8220;wave&#8220; top_divider_height=&#8220;88px&#8220; global_module=&#8220;234105&#8243; global_colors_info=&#8220;{}&#8220;][et_pb_row use_custom_gutter=&#8220;on&#8220; gutter_width=&#8220;2&#8243; make_equal=&#8220;on&#8220; _builder_version=&#8220;4.17.6&#8243; _module_preset=&#8220;default&#8220; width=&#8220;90%&#8220; width_tablet=&#8220;90%&#8220; width_phone=&#8220;90%&#8220; width_last_edited=&#8220;on|tablet&#8220; max_width=&#8220;1100px&#8220; max_width_tablet=&#8220;90%&#8220; max_width_phone=&#8220;90%&#8220; max_width_last_edited=&#8220;on|desktop&#8220; custom_padding=&#8220;150px||80px||false|false&#8220; global_colors_info=&#8220;{}&#8220;][et_pb_column type=&#8220;4_4&#8243; _builder_version=&#8220;4.16&#8243; _module_preset=&#8220;default&#8220; global_colors_info=&#8220;{}&#8220;][et_pb_text _builder_version=&#8220;4.21.0&#8243; _module_preset=&#8220;default&#8220; header_2_text_color=&#8220;#FFFFFF&#8220; text_orientation=&#8220;center&#8220; animation_style=&#8220;fade&#8220; global_colors_info=&#8220;{}&#8220;]<\/p>\n<h2>Jetzt starten<br \/>\nEs ist Kostenlos. Einfach. Schnell.<\/h2>\n<p>[\/et_pb_text][et_pb_text _builder_version=&#8220;4.17.6&#8243; _module_preset=&#8220;default&#8220; text_font=&#8220;||||||||&#8220; text_text_color=&#8220;#FFFFFF&#8220; text_font_size=&#8220;18px&#8220; text_line_height=&#8220;1.8em&#8220; text_orientation=&#8220;center&#8220; max_width=&#8220;593px&#8220; module_alignment=&#8220;center&#8220; custom_margin=&#8220;-5px||||false|false&#8220; custom_margin_tablet=&#8220;-15px||||false|false&#8220; custom_margin_phone=&#8220;-15px||||false|false&#8220; custom_margin_last_edited=&#8220;on|phone&#8220; global_colors_info=&#8220;{}&#8220;]<\/p>\n<p>MoreThanDigital Insights gibt dir einen 360\u00b0-Blick auf dein Unternehmen und hilft dir, bessere, datengest\u00fctzte Entscheidungen zu treffen. Erhalte die Einblicke, die du brauchst, um dein Unternehmen zu verbessern.<\/p>\n<p>[\/et_pb_text][et_pb_button button_url=&#8220;@ET-DC@eyJkeW5hbWljIjp0cnVlLCJjb250ZW50IjoicG9zdF9saW5rX3VybF9wYWdlIiwic2V0dGluZ3MiOnsicG9zdF9pZCI6IjIzNDI4MSJ9fQ==@&#8220; button_text=&#8220;In Warteliste eintragen&#8220; _builder_version=&#8220;4.21.0&#8243; _dynamic_attributes=&#8220;button_url&#8220; _module_preset=&#8220;8e8cec50-442a-4449-8bc3-0cab825938f0&#8243; animation_style=&#8220;none&#8220; global_colors_info=&#8220;{}&#8220;][\/et_pb_button][\/et_pb_column][\/et_pb_row][\/et_pb_section]<\/p>\n","protected":false},"excerpt":{"rendered":"<p>Insights-Driven Organization (IDO).Die Zukunft ist erkenntnisgetrieben. Verstehe, wie f\u00fchrende Unternehmen weltweit mit Hilfe von Daten und Insights ihre Konkurrenz \u00fcbertreffen k\u00f6nnen.\u203a Kostenlos \u203a Keine Kreditkarte \u203a Keine versteckten KostenDie n\u00e4chste Generation von Unternehmen\u00a0 Insights-Driven Organization (IDO).Eine Insights-Driven Organization (IDO) ist ein zukunftsorientiertes Unternehmen, das Daten, Analysen und k\u00fcnstliche Intelligenz (KI) als Grundlage f\u00fcr seine Entscheidungsprozesse [&hellip;]<\/p>\n","protected":false},"author":3,"featured_media":0,"parent":0,"menu_order":0,"comment_status":"closed","ping_status":"closed","template":"","meta":{"_et_pb_use_builder":"on","_et_pb_old_content":"","_et_gb_content_width":"","footnotes":""},"class_list":["post-16250165","page","type-page","status-publish","hentry"],"_links":{"self":[{"href":"https:\/\/insights.mtd.info\/de\/wp-json\/wp\/v2\/pages\/16250165","targetHints":{"allow":["GET"]}}],"collection":[{"href":"https:\/\/insights.mtd.info\/de\/wp-json\/wp\/v2\/pages"}],"about":[{"href":"https:\/\/insights.mtd.info\/de\/wp-json\/wp\/v2\/types\/page"}],"author":[{"embeddable":true,"href":"https:\/\/insights.mtd.info\/de\/wp-json\/wp\/v2\/users\/3"}],"replies":[{"embeddable":true,"href":"https:\/\/insights.mtd.info\/de\/wp-json\/wp\/v2\/comments?post=16250165"}],"version-history":[{"count":6,"href":"https:\/\/insights.mtd.info\/de\/wp-json\/wp\/v2\/pages\/16250165\/revisions"}],"predecessor-version":[{"id":16250418,"href":"https:\/\/insights.mtd.info\/de\/wp-json\/wp\/v2\/pages\/16250165\/revisions\/16250418"}],"wp:attachment":[{"href":"https:\/\/insights.mtd.info\/de\/wp-json\/wp\/v2\/media?parent=16250165"}],"curies":[{"name":"wp","href":"https:\/\/api.w.org\/{rel}","templated":true}]}}